{"id":560,"date":"2025-08-12T15:56:03","date_gmt":"2025-08-12T18:56:03","guid":{"rendered":"https:\/\/sepec.ufca.edu.br\/?page_id=560"},"modified":"2025-08-12T15:56:03","modified_gmt":"2025-08-12T18:56:03","slug":"informacoes-gerais","status":"publish","type":"page","link":"https:\/\/sepec.ufca.edu.br\/?page_id=560","title":{"rendered":"Informa\u00e7\u00f5es gerais"},"content":{"rendered":"\n<h4><strong>Credenciamento e Registro de Presen\u00e7a na 1\u00aa Sepec\/UFCA<\/strong><\/h4>\n\n\n\n<br>\n\n\n\n<p><strong>Credenciamento:<\/strong><\/p>\n\n\n\n<p>O credenciamento para a 1\u00aa Sepec\/UFCA ser\u00e1 realizado presencialmente nos campi de Juazeiro do Norte e Brejo Santo na segunda-feira, 10 de fevereiro. Ao realizar o credenciamento, o participante devidamente inscrito no SIGEventos receber\u00e1 um kit contendo bolsa, bloco de notas, caneta e crach\u00e1. A entrega dos kits est\u00e1 sujeita \u00e0 disponibilidade. Os hor\u00e1rios de credenciamento s\u00e3o:<\/p>\n\n\n\n<ul><li><strong>Juazeiro do Norte:<\/strong>&nbsp;08h-10h30, 15h-17h e 18h-20h<\/li><li><strong>Brejo Santo:<\/strong>&nbsp;14h-16h<\/li><\/ul>\n\n\n\n<p><strong>Registro de Presen\u00e7a:<\/strong><\/p>\n\n\n\n<p>O registro de presen\u00e7a durante a Sepec\/UFCA ser\u00e1 feito por meio de formul\u00e1rios eletr\u00f4nicos, acess\u00edveis via QR codes e\/ou links, nos locais presenciais e online em que s\u00e3o realizadas as atividades do evento. Cada participante dever\u00e1 registrar a sua presen\u00e7a apenas uma vez por dia.<\/p>\n\n\n\n<br><br>\n\n\n\n<h4><strong>Apresenta\u00e7\u00f5es de trabalhos da dimens\u00e3o Cultura<\/strong><\/h4>\n\n\n\n<br>\n\n\n\n<p>Acesse os locais e hor\u00e1rios das apresenta\u00e7\u00f5es da dimens\u00e3o Cultura <a href=\"https:\/\/documentos.ufca.edu.br\/wp-folder\/wp-content\/uploads\/2025\/02\/Programac%CC%A7a%CC%83o-final-trabalhos-academicos-Sepec-Cultura.pdf\">aqui<\/a>.<\/p>\n\n\n\n<br><br>\n\n\n\n<h4><strong>Apresenta\u00e7\u00f5es de trabalhos da dimens\u00e3o Pesquisa<\/strong><\/h4>\n\n\n\n<br>\n\n\n\n<p>Acesse os locais e hor\u00e1rios das apresenta\u00e7\u00f5es da dimens\u00e3o Pesquisa <a href=\"https:\/\/documentos.ufca.edu.br\/wp-folder\/wp-content\/uploads\/2025\/02\/Dimensa%CC%83o-Pesquisa-Retificac%CC%A7a%CC%83o-do-Resultado-Final-10.02.2025.pdf\">aqui<\/a>.<\/p>\n\n\n\n<br><br>\n\n\n\n<h4><strong>Apresenta\u00e7\u00e3o de trabalhos da dimens\u00e3o Ensino<\/strong><\/h4>\n\n\n\n<br>\n\n\n\n<p>Acesse os locais e hor\u00e1rios das apresenta\u00e7\u00f5es da dimens\u00e3o Ensino <a href=\"https:\/\/documentos.ufca.edu.br\/wp-folder\/wp-content\/uploads\/2025\/02\/Rela%C3%A7%C3%A3o-de-Apresenta%C3%A7%C3%B5es-de-trabalhos-Segunda-10_02-e-Ter%C3%A7a-11_02-I-SEPEC.pdf\">aqui<\/a>.<\/p>\n\n\n\n<br><br>\n\n\n\n<h4><strong>Divulgado o cronograma de partidas dos Jogos Universit\u00e1rios da 1\u00aa SEPEC<\/strong><\/h4>\n\n\n\n<br>\n\n\n\n<p>Acesse o cronograma <a href=\"https:\/\/docs.google.com\/spreadsheets\/d\/1vkf0-vJuxBoMND3aXpU0DejmkbjHEbIsSVdipxWgT7o\/edit?gid=1645190527#gid=1645190527\">neste link<\/a>.<\/p>\n\n\n\n<br><br>\n\n\n\n<h4><strong>Inscri\u00e7\u00f5es seguem at\u00e9 6 de fevereiro<\/strong><\/h4>\n\n\n\n<br>\n\n\n\n<h4><strong>Programa\u00e7\u00e3o dispon\u00edvel<\/strong><\/h4>\n\n\n\n<br>\n\n\n\n<p>Acesse a programa\u00e7\u00e3o da 1\u00aa Sepec <a href=\"https:\/\/lookerstudio.google.com\/u\/1\/reporting\/e4741c35-3cd9-421f-8683-962632a6cc9c\/page\/6B3ZE\">aqui<\/a>.<\/p>\n\n\n\n<br><br>\n\n\n\n<h4><strong>Chamada de monitores(as) volunt\u00e1rios(as)<\/strong><\/h4>\n\n\n\n<br>\n\n\n\n<p>J\u00e1 est\u00e1 no ar a <a href=\"https:\/\/sepec.ufca.edu.br\/?page_id=120\">chamada<\/a> para monitores(as) volunt\u00e1rios(as). As inscri\u00e7\u00f5es podem ser realizadas no <a href=\"http:\/\/forms.ufca.edu.br\/search-form?id_formulario=3578\">Forms UFCA<\/a> at\u00e9 27 de janeiro.<\/p>\n\n\n\n<br><br>\n\n\n\n<h4><strong>Resultados<\/strong><\/h4>\n\n\n\n<br>\n\n\n\n<p>Acesse a p\u00e1gina <a href=\"https:\/\/sepec.ufca.edu.br\/?page_id=120\">Editais<\/a> para conferir o resultado final das dimens\u00f5es <strong>Ensino<\/strong>, <strong>Pesquisa<\/strong>, <strong>Extens\u00e3o<\/strong> e <strong>Cultura<\/strong>.<\/p>\n\n\n\n<br><br>\n\n\n\n<h4><strong>Templates para as apresenta\u00e7\u00f5es<\/strong> (obs. templates dispon\u00edveis apenas para download)<\/h4>\n\n\n\n<br>\n\n\n\n<h6><strong>Ensino<\/strong>: <a href=\"https:\/\/docs.google.com\/presentation\/d\/12QZXZp8-DD3IsSlrbkV8Ij7vWfU5giy0zmgYNJDO6ws\/edit?usp=sharing\">P\u00f4ster (0,90 x 1,20m)<\/a><\/h6>\n\n\n\n<br>\n\n\n\n<h6><strong>Pesquisa<\/strong>: <a href=\"https:\/\/docs.google.com\/presentation\/d\/1t30WrpPHsJnBH83h-wEMj8IEdUTHiFRMLv7OaPPaDm4\/edit?usp=drive_link\">P\u00f4ster (0,90 x 1,20m)<\/a>, <a href=\"https:\/\/docs.google.com\/presentation\/d\/1nxUxM7z0-l-LvCU1YGpV0GlgTnDOtHYXHYUZEvvQFIc\/edit?usp=drive_link\">Slides<\/a><\/h6>\n\n\n\n<br>\n\n\n\n<h6><strong>Extens\u00e3o<\/strong>: <a href=\"https:\/\/documentos.ufca.edu.br\/wp-folder\/wp-content\/uploads\/2025\/01\/Template_Apresentacao_de_trabalhos_Extens\u00e3o_SEPEC.pptx\">Slides (Modelo PowerPoint)<\/a>, <a href=\"https:\/\/www.canva.com\/design\/DAGR37Bgk0o\/9YFivDTEZzEIfpmdUIwrCg\/view?utm_content=DAGR37Bgk0o&amp;utm_campaign=designshare&amp;utm_medium=link&amp;utm_source=publishsharelink&amp;mode=preview\">Slides (Modelo Canva)<\/a><\/h6>\n\n\n\n<br>\n\n\n\n<h6><strong>Cultura<\/strong>: <a href=\"https:\/\/docs.google.com\/presentation\/d\/1509U1gcpq6LwA2vxoBpWEbZ2mNLOiz6-AwLBJbXxP_Q\/edit?usp=sharing\">Slides<\/a><\/h6>\n\n\n\n<br><br>\n\n\n\n<h4><strong>Envio de recursos contra o resultado preliminar<\/strong><\/h4>\n\n\n\n<br>\n\n\n\n<h6><strong>Ensino<\/strong>: para enviar seu recurso, utilize <a href=\"https:\/\/docs.google.com\/forms\/d\/1PL59IXQww6_Bngr2Fmnvwb0yrX6FFoyvlpLU95G2PZA\/preview\">este formul\u00e1rio<\/a><\/h6>\n\n\n\n<br>\n\n\n\n<h6><strong>Pesquisa<\/strong>: para enviar seu recurso, utilize <a href=\"https:\/\/forms.ufca.edu.br\/search-form?id_formulario=3573\">este formul\u00e1rio<\/a><\/h6>\n\n\n\n<br>\n\n\n\n<h6><strong>Extens\u00e3o<\/strong>: para enviar seu recurso, baixe o <a href=\"https:\/\/docs.google.com\/document\/d\/1yXkhHrkL7EKRlvNh8uj6mxo4uqCQTV1e\/edit\">modelo dispon\u00edvel<\/a>, preencha todas as informa\u00e7\u00f5es necess\u00e1rias e assine o documento. Em seguida, encaminhe-o para o e-mail cifa.proex@ufca.edu.br<\/h6>\n\n\n\n<br>\n\n\n\n<h6><strong>Cultura<\/strong>: para enviar seu recurso, acesse e fa\u00e7a login no <a href=\"https:\/\/sigeventos.ufca.edu.br\/sigeventos\/login.xhtml\">SigEventos\/UFCA<\/a>, navegue at\u00e9 a \u00e1rea da dimens\u00e3o cultura e siga as instru\u00e7\u00f5es dispon\u00edveis.<\/h6>\n\n\n\n<br><br>\n","protected":false},"excerpt":{"rendered":"<p>Credenciamento e Registro de Presen\u00e7a na 1\u00aa Sepec\/UFCA Credenciamento: O credenciamento para a 1\u00aa Sepec\/UFCA ser\u00e1 realizado presencialmente nos campi de Juazeiro do Norte e Brejo Santo na segunda-feira, 10 de fevereiro. Ao realizar o credenciamento, o participante devidamente inscrito no SIGEventos receber\u00e1 um kit contendo bolsa, bloco de notas, caneta e crach\u00e1. A entrega [&hellip;]<\/p>\n","protected":false},"author":34,"featured_media":0,"parent":0,"menu_order":0,"comment_status":"closed","ping_status":"closed","template":"","meta":[],"_links":{"self":[{"href":"https:\/\/sepec.ufca.edu.br\/index.php?rest_route=\/wp\/v2\/pages\/560"}],"collection":[{"href":"https:\/\/sepec.ufca.edu.br\/index.php?rest_route=\/wp\/v2\/pages"}],"about":[{"href":"https:\/\/sepec.ufca.edu.br\/index.php?rest_route=\/wp\/v2\/types\/page"}],"author":[{"embeddable":true,"href":"https:\/\/sepec.ufca.edu.br\/index.php?rest_route=\/wp\/v2\/users\/34"}],"replies":[{"embeddable":true,"href":"https:\/\/sepec.ufca.edu.br\/index.php?rest_route=%2Fwp%2Fv2%2Fcomments&post=560"}],"version-history":[{"count":1,"href":"https:\/\/sepec.ufca.edu.br\/index.php?rest_route=\/wp\/v2\/pages\/560\/revisions"}],"predecessor-version":[{"id":561,"href":"https:\/\/sepec.ufca.edu.br\/index.php?rest_route=\/wp\/v2\/pages\/560\/revisions\/561"}],"wp:attachment":[{"href":"https:\/\/sepec.ufca.edu.br\/index.php?rest_route=%2Fwp%2Fv2%2Fmedia&parent=560"}],"curies":[{"name":"wp","href":"https:\/\/api.w.org\/{rel}","templated":true}]}}