{"id":550,"date":"2025-08-12T15:29:17","date_gmt":"2025-08-12T18:29:17","guid":{"rendered":"https:\/\/sepec.ufca.edu.br\/?page_id=550"},"modified":"2025-08-12T15:54:39","modified_gmt":"2025-08-12T18:54:39","slug":"certificados","status":"publish","type":"page","link":"https:\/\/sepec.ufca.edu.br\/?page_id=550","title":{"rendered":"Certificados"},"content":{"rendered":"\n<p>Os certificados de <strong>participa\u00e7\u00e3o geral<\/strong> (para pessoas inscritas que realizaram check-in em pelo menos 3 dias), de <strong>monitoria<\/strong>, de <strong>minicursos\/oficinas<\/strong> (para ministrantes e participantes), e de <strong>participa\u00e7\u00e3o nos Jogos Universit\u00e1rios<\/strong> est\u00e3o dispon\u00edveis para download <a href=\"https:\/\/sci01-ter-jne.ufca.edu.br\/cppgi\/demaisCertificados\/2371\">neste link<\/a>.<\/p>\n","protected":false},"excerpt":{"rendered":"<p>Os certificados de participa\u00e7\u00e3o geral (para pessoas inscritas que realizaram check-in em pelo menos 3 dias), de monitoria, de minicursos\/oficinas (para ministrantes e participantes), e de participa\u00e7\u00e3o nos Jogos Universit\u00e1rios est\u00e3o dispon\u00edveis para download neste link.<\/p>\n","protected":false},"author":34,"featured_media":0,"parent":0,"menu_order":0,"comment_status":"closed","ping_status":"closed","template":"","meta":[],"_links":{"self":[{"href":"https:\/\/sepec.ufca.edu.br\/index.php?rest_route=\/wp\/v2\/pages\/550"}],"collection":[{"href":"https:\/\/sepec.ufca.edu.br\/index.php?rest_route=\/wp\/v2\/pages"}],"about":[{"href":"https:\/\/sepec.ufca.edu.br\/index.php?rest_route=\/wp\/v2\/types\/page"}],"author":[{"embeddable":true,"href":"https:\/\/sepec.ufca.edu.br\/index.php?rest_route=\/wp\/v2\/users\/34"}],"replies":[{"embeddable":true,"href":"https:\/\/sepec.ufca.edu.br\/index.php?rest_route=%2Fwp%2Fv2%2Fcomments&post=550"}],"version-history":[{"count":2,"href":"https:\/\/sepec.ufca.edu.br\/index.php?rest_route=\/wp\/v2\/pages\/550\/revisions"}],"predecessor-version":[{"id":559,"href":"https:\/\/sepec.ufca.edu.br\/index.php?rest_route=\/wp\/v2\/pages\/550\/revisions\/559"}],"wp:attachment":[{"href":"https:\/\/sepec.ufca.edu.br\/index.php?rest_route=%2Fwp%2Fv2%2Fmedia&parent=550"}],"curies":[{"name":"wp","href":"https:\/\/api.w.org\/{rel}","templated":true}]}}