{"id":546,"date":"2025-08-12T15:26:16","date_gmt":"2025-08-12T18:26:16","guid":{"rendered":"https:\/\/sepec.ufca.edu.br\/?page_id=546"},"modified":"2025-08-12T15:26:16","modified_gmt":"2025-08-12T18:26:16","slug":"premiacao-extensao-1a-sepec","status":"publish","type":"page","link":"https:\/\/sepec.ufca.edu.br\/?page_id=546","title":{"rendered":"Premia\u00e7\u00e3o &#8211; Extens\u00e3o &#8211; 1\u00aa SEPEC"},"content":{"rendered":"\n<p class=\"has-text-align-left\">Neste ano de 2024, a sexta edi\u00e7\u00e3o do <strong>Pr\u00eamio Voc\u00ea Faz a Extens\u00e3o<\/strong> tem como tema: \u201c<strong>Cidadania e participa\u00e7\u00e3o social<\/strong>\u201d, assim, estabelecendo liga\u00e7\u00e3o com as proposi\u00e7\u00f5es da <a rel=\"noreferrer noopener\" href=\"https:\/\/semanact.mcti.gov.br\/\" target=\"_blank\">21\u00ba Semana Nacional de Ci\u00eancia e Tecnologia<\/a>:  \u201cBiomas do Brasil: diversidade, saberes e tecnologias sociais\u201d, e da 1\u00aa Semana de Ensino, Pesquisa, Extens\u00e3o e Cultura da UFCA (SEPEC), \u201cChapada do Araripe: biomas, sociedade e cultura\u201d.<\/p>\n\n\n\n<p>O pr\u00eamio visa laurear estudantes extensionistas atualmente vinculados(as) em projetos\/programas cadastrados na PROEX\/UFCA em 2023 e 2024, cujas atividades estejam no per\u00edodo de vig\u00eancia, e que tenham trabalhos de Extens\u00e3o inscritos na 1\u00aa SEPEC.<\/p>\n\n\n\n<h4><strong>O que voc\u00ea encontrar\u00e1 nesta p\u00e1gina:<\/strong><\/h4>\n\n\n\n<div style=\"height:20px\" aria-hidden=\"true\" class=\"wp-block-spacer\"><\/div>\n\n\n\n<ul><li><a href=\"#Quem-pode-participar\">Quem pode participar?<\/a><\/li><li><a href=\"#Como-participar\">Como participar?<\/a><\/li><li><a href=\"#melhoresv%C3%ADdeos\">Categoria Melhores V\u00eddeos<\/a><\/li><li><a href=\"#melhorestrabalhos\">Categoria Melhores Trabalhos<\/a><\/li><li><a href=\"#edital-premiacao\" data-type=\"internal\" data-id=\"#edital-premiacao\">Acompanhamento do Edital n\u00ba 01\/2024\/GR\/UFCA<\/a><\/li><li><a href=\"#materiaisapoio\">Materiais de apoio (Melhores V\u00eddeos)<\/a><\/li><\/ul>\n\n\n\n<hr class=\"wp-block-separator\" \/>\n\n\n\n<h4 id=\"Quem-pode-participar\"><strong>Quem pode participar?<\/strong><\/h4>\n\n\n\n<div style=\"height:20px\" aria-hidden=\"true\" class=\"wp-block-spacer\"><\/div>\n\n\n\n<p>Podem participar estudantes extensionistas (bolsistas e volunt\u00e1rios) das a\u00e7\u00f5es de extens\u00e3o vigentes na UFCA. <\/p>\n\n\n\n<p><strong>Importante<\/strong>: cada estudante s\u00f3 poder\u00e1 concorrer em uma das categorias (Melhores V\u00eddeos ou Melhores Trabalhos), n\u00e3o sendo cumulativa a premia\u00e7\u00e3o, nem mesmo com as premia\u00e7\u00f5es de outras dimens\u00f5es. O candidato poder\u00e1 concorrer como integrante de apenas 1 (um) projeto\/programa como autor principal ou coautor. O pr\u00eamio ser\u00e1 dado somente ao autor principal, n\u00e3o se estendendo aos demais estudantes e coordenadores\/tutores do projeto\/programa.<\/p>\n\n\n\n<hr class=\"wp-block-separator\" \/>\n\n\n\n<h4 id=\"Como-participar\"><strong>Como participar?<\/strong><\/h4>\n\n\n\n<div style=\"height:20px\" aria-hidden=\"true\" class=\"wp-block-spacer\"><\/div>\n\n\n\n<p>Confira atentamente o regulamento no Anexo IX do <a href=\"https:\/\/sepec.ufca.edu.br\/wp-content\/uploads\/sites\/193\/2024\/09\/Edital-SEPEC-assinado.pdf\" target=\"_blank\" rel=\"noreferrer noopener\">Edital n\u00ba 01\/2024\/GR\/UFCA<\/a>.<\/p>\n\n\n\n<hr class=\"wp-block-separator\" \/>\n\n\n\n<h4 id=\"melhoresv\u00eddeos\"><strong>Melhores V\u00eddeos<\/strong><\/h4>\n\n\n\n<p><\/p>\n\n\n\n<p>Ser\u00e3o premiados <strong>dez estudantes extensionistas<\/strong> com os seguintes valores:<\/p>\n\n\n\n<ul><li><strong>1\u00ba lugar<\/strong> \u2013 R$ 1.200,00 (mil e duzentos) reais;<\/li><li><strong>2\u00ba lugar<\/strong> \u2013 R$ 900,00 (novecentos) reais;<\/li><li><strong>3\u00ba lugar<\/strong> \u2013 R$ 700,00 (setecentos) reais;<\/li><li><strong>4\u00ba lugar<\/strong> \u2013 R$ 600,00 (seiscentos) reais; e<\/li><li><strong>5\u00ba lugar<\/strong> ao <strong>10\u00ba lugar<\/strong> &#8211; R$ 500,00 (quinhentos) reais cada.<\/li><\/ul>\n\n\n\n<p><strong>Inscri\u00e7\u00f5es<\/strong>: as inscri\u00e7\u00f5es dever\u00e3o ser feitas at\u00e9 09\/10 no formul\u00e1rio dispon\u00edvel em <a href=\"https:\/\/forms.ufca.edu.br\/search-form?id_formulario=3387\" target=\"_blank\" rel=\"noreferrer noopener\">forms.ufca.edu.br<\/a>. No ato da inscri\u00e7\u00e3o \u00e9 necess\u00e1rio fazer upload do v\u00eddeo em algum servi\u00e7o de hospedagem de arquivos em nuvem (como <a rel=\"noreferrer noopener\" href=\"https:\/\/drive.google.com\/?authuser=0\" target=\"_blank\">Google Drive<\/a>, <a rel=\"noreferrer noopener\" href=\"https:\/\/www.dropbox.com\/\" target=\"_blank\">Dropbox<\/a>, etc.) e inserir o link de acesso do v\u00eddeo no formul\u00e1rio (lembre-se de deixar o acesso ao link aberto). O v\u00eddeo deve atender aos crit\u00e9rios estabelecidos pelo Anexo IX <a rel=\"noreferrer noopener\" href=\"https:\/\/documentos.ufca.edu.br\/wp-folder\/wp-content\/uploads\/2023\/07\/Edital_N_04_Pr%C3%AAmio_2023_Vers%C3%A3o_Normalizado.pdf\" target=\"_blank\"><\/a><a rel=\"noreferrer noopener\" href=\"https:\/\/sepec.ufca.edu.br\/wp-content\/uploads\/sites\/193\/2024\/09\/Edital-SEPEC-assinado.pdf\" target=\"_blank\">Edital n\u00ba 01\/2024\/GR\/UFCA<\/a>.<\/p>\n\n\n\n<hr class=\"wp-block-separator\" \/>\n\n\n\n<h4 id=\"melhorestrabalhos\"><strong>Melhores Trabalhos<\/strong><\/h4>\n\n\n\n<p><\/p>\n\n\n\n<p>Ser\u00e3o premiados os melhores trabalhos no valor total de cada uma das \u00e1reas tem\u00e1ticas: <strong>Comunica\u00e7\u00e3o<\/strong>, <strong>Cultura<\/strong>, <strong>Direitos Humanos e Justi\u00e7a<\/strong>, <strong>Educa\u00e7\u00e3o<\/strong>, <strong>Meio Ambiente<\/strong>, <strong>Sa\u00fade<\/strong>, <strong>Tecnologia e Produ\u00e7\u00e3o<\/strong>, <strong>Trabalho<\/strong>. As 2 (duas) \u00e1reas tem\u00e1ticas com maior n\u00famero de inscritos na categoria ter\u00e3o os 5 (cinco) melhores trabalhos premiados.<\/p>\n\n\n\n<p>Os <strong>tr\u00eas melhores<\/strong> trabalhos de cada \u00e1rea tem\u00e1tica receber\u00e3o:<\/p>\n\n\n\n<ul><li><strong>1\u00ba lugar<\/strong> \u2013 R$ 700,00 (setecentos reais);<\/li><li><strong>2\u00ba lugar<\/strong> \u2013 R$ 600,00 (seiscentos reais); <\/li><li><strong>3\u00ba lugar<\/strong> \u2013 R$ 500,00 (quinhentos reais);<\/li><\/ul>\n\n\n\n<p>Para os trabalhos que obtiverem o quarto e o quinto lugar nas 2 (duas) \u00e1reas com maior n\u00famero de inscritos receber\u00e3o:<\/p>\n\n\n\n<ul><li><strong>4\u00ba lugar<\/strong> \u2013 R$ 400,00 (quatrocentos reais);<\/li><li><strong>5\u00ba lugar<\/strong> \u2013 R$ 400,00 (quatrocentos reais).<\/li><\/ul>\n\n\n\n<p><strong>Inscri\u00e7\u00f5es<\/strong>: os trabalhos dever\u00e3o ser submetidos na <a rel=\"noreferrer noopener\" href=\"https:\/\/doity.com.br\/1-sepec-extensao\/trabalhos#c\" target=\"_blank\">plataforma Doity<\/a>, conforme <a href=\"https:\/\/sepec.ufca.edu.br\/?page_id=197\" target=\"_blank\" rel=\"noreferrer noopener\">regras de submiss\u00e3o dispon\u00edveis na p\u00e1gina Submiss\u00f5es &#8211; Extens\u00e3o<\/a>.<\/p>\n\n\n\n<hr class=\"wp-block-separator\" \/>\n\n\n\n<h4 id=\"edital-premiacao\"><strong>Acompanhamento do Edital n\u00ba 01\/2024\/GR\/UFCA<\/strong><\/h4>\n\n\n\n<p>Acompanhe aqui a publica\u00e7\u00e3o dos documentos relacionados ao Anexo IX do <a href=\"https:\/\/sepec.ufca.edu.br\/wp-content\/uploads\/sites\/193\/2024\/09\/Edital-SEPEC-assinado.pdf\" target=\"_blank\" rel=\"noreferrer noopener\">Edital n\u00ba 01\/2024\/GR\/UFCA<\/a>.<\/p>\n\n\n\n<ul id=\"block-f9dd6bf4-8a2f-444e-b5b0-3fbde6abc2d4\"><li><a rel=\"noreferrer noopener\" href=\"https:\/\/documentos.ufca.edu.br\/wp-folder\/wp-content\/uploads\/2025\/02\/Resultado-final-Melhores-v%C3%ADdeos-Edital_01_Anexo_IX_Premio_3%C2%AA-etapa.pdf\" target=\"_blank\">Resultado &#8211; Terceira etapa &#8211; Melhores V\u00eddeos &#8211; Dimens\u00e3o Extens\u00e3o<\/a><\/li><li><a rel=\"noreferrer noopener\" href=\"https:\/\/documentos.ufca.edu.br\/wp-folder\/wp-content\/uploads\/2025\/02\/Resultado-final-Melhores-trabalhos-Edital_01_Anexo_IX_Premio_3%C2%AA-etapa.pdf\" target=\"_blank\">Resultado &#8211; Terceira etapa &#8211; Melhores Trabalhos &#8211; Dimens\u00e3o Extens\u00e3o<\/a><\/li><li><a rel=\"noreferrer noopener\" href=\"https:\/\/universidadefe957-my.sharepoint.com\/:w:\/g\/personal\/hemerson_soares_ufca_edu_br\/Ed4KSPE-6JtGsuKzK-q0PxABrzRX2OW_5aTlyjuOro5S8Q?e=XLEAwd\" target=\"_blank\">Rela\u00e7\u00e3o das apresenta\u00e7\u00f5es de trabalhos &#8211; Quarta (12\/02)<\/a><\/li><li><a rel=\"noreferrer noopener\" href=\"https:\/\/universidadefe957-my.sharepoint.com\/:w:\/g\/personal\/hemerson_soares_ufca_edu_br\/ER3ROmH9lmdBhw-qkNZGMfEBeRi2-lJ3VIxEsnvA1PoETQ?e=VLShM7\" target=\"_blank\">Rela\u00e7\u00e3o das apresenta\u00e7\u00f5es de trabalhos &#8211; Quinta (13\/02)<\/a><\/li><li><a rel=\"noreferrer noopener\" href=\"https:\/\/documentos.ufca.edu.br\/wp-folder\/wp-content\/uploads\/2025\/02\/Errata_Resultado_final_1_etapa_Edital_n_01_Chamada_para_trabalhos_SEPEC-1.pdf\" target=\"_blank\">Errata &#8211; Resultado final da primeira e segunda etapa &#8211; Categoria Melhores trabalhos &#8211; Dimens\u00e3o Extens\u00e3o<\/a><\/li><li><a rel=\"noreferrer noopener\" href=\"https:\/\/documentos.ufca.edu.br\/wp-folder\/wp-content\/uploads\/2025\/01\/Extensa%CC%83o-resultado-segunda-etapa-final-17-01.pdf\" target=\"_blank\">Resultado final da primeira e segunda etapa &#8211; Categoria Melhores trabalhos &#8211; Dimens\u00e3o Extens\u00e3o<\/a><\/li><li><a rel=\"noreferrer noopener\" href=\"https:\/\/documentos.ufca.edu.br\/wp-folder\/wp-content\/uploads\/2025\/01\/Template_Apresentacao_de_trabalhos_Extens%C3%A3o_SEPEC.pptx\" target=\"_blank\">Template &#8211; Apresenta\u00e7\u00e3o de trabalhos &#8211; Dimens\u00e3o Extens\u00e3o &#8211; 1\u00ba SEPEC (Microsoft PowerPoint)<\/a><\/li><li><a rel=\"noreferrer noopener\" href=\"https:\/\/www.canva.com\/design\/DAGR37Bgk0o\/9YFivDTEZzEIfpmdUIwrCg\/view?utm_content=DAGR37Bgk0o&amp;utm_campaign=designshare&amp;utm_medium=link&amp;utm_source=publishsharelink&amp;mode=preview\" target=\"_blank\">Template &#8211; Apresenta\u00e7\u00e3o de trabalhos &#8211; Dimens\u00e3o Extens\u00e3o &#8211; 1\u00ba SEPEC (Canva)<\/a><\/li><li><a rel=\"noreferrer noopener\" href=\"https:\/\/documentos.ufca.edu.br\/wp-folder\/wp-content\/uploads\/2025\/01\/EXTENSAO_RESULTADO_PARCIAL_assinado.pdf\" target=\"_blank\">Resultado preliminar da primeira e segunda etapa &#8211; Categoria Melhores trabalhos &#8211; Dimens\u00e3o Extens\u00e3o <\/a><\/li><li><a rel=\"noreferrer noopener\" href=\"https:\/\/documentos.ufca.edu.br\/wp-folder\/wp-content\/uploads\/2025\/01\/EDITAL-01-2024-GR-UFCA-Aditivo-III-altera%C3%A7%C3%A3o-do-cronograma-Anexo-IX-07-01-2025.pdf\" target=\"_blank\">Aditivo III &#8211; Altera\u00e7\u00e3o de cronograma &#8211; Dimens\u00e3o Extens\u00e3o &#8211; 1\u00ba SEPEC<\/a><\/li><li><a rel=\"noreferrer noopener\" href=\"https:\/\/documentos.ufca.edu.br\/wp-folder\/wp-content\/uploads\/2024\/11\/Resultado-final_Segunda-etapa_Pr\u00eamio-voc\u00ea-faz-a-Extens\u00e3o.docx.pdf\" target=\"_blank\">Resultado final da segunda etapa &#8211; Categoria Melhores V\u00eddeos &#8211; Dimens\u00e3o Extens\u00e3o<\/a><\/li><li><a rel=\"noreferrer noopener\" href=\"https:\/\/documentos.ufca.edu.br\/wp-folder\/wp-content\/uploads\/2024\/11\/Resultado-parcial_Segunda-etapa_Pr\u00eamio-voc\u00ea-faz-a-Extens\u00e3o.docx-1.pdf\" target=\"_blank\">Resultado parcial da segunda etapa &#8211; Categoria Melhores V\u00eddeos &#8211; Dimens\u00e3o Extens\u00e3o<\/a><\/li><li><a rel=\"noreferrer noopener\" href=\"https:\/\/sepec.ufca.edu.br\/wp-content\/uploads\/sites\/193\/2024\/10\/Homologacao-final_Primeira-etapa_Premio-voce-faz-a-Extensao.docx.pdf\" target=\"_blank\">Resultado final da primeira etapa &#8211; Categoria Melhores V\u00eddeos &#8211; Dimens\u00e3o Extens\u00e3o<\/a><\/li><li><a rel=\"noreferrer noopener\" href=\"https:\/\/sepec.ufca.edu.br\/wp-content\/uploads\/sites\/193\/2024\/10\/Homologacao-parcial_Primeira-etapa_Premio-voce-faz-a-Extensao.docx.pdf\" target=\"_blank\">Resultado parcial da primeira etapa &#8211; Categoria Melhores V\u00eddeos &#8211; Dimens\u00e3o Extens\u00e3o<\/a><\/li><li><a rel=\"noreferrer noopener\" href=\"https:\/\/youtu.be\/2egU7XLPM7I\" target=\"_blank\">Tutorial \u2013 Submetendo Resumos Expandidos no Doity<\/a><\/li><li><a rel=\"noreferrer noopener\" href=\"https:\/\/youtu.be\/ICNQjEsptxA\" target=\"_blank\">Tutorial \u2013 Submetendo V\u00eddeos no FORMS<\/a><\/li><li><a href=\"https:\/\/doity.com.br\/1-sepec-extensao\/trabalhos#c\">Submiss\u00f5es de Resumos Expandidos (Plataforma Doity)<\/a><\/li><li><a rel=\"noreferrer noopener\" href=\"https:\/\/forms.ufca.edu.br\/search-form?id_formulario=3387\" target=\"_blank\">Submiss\u00f5es de V\u00eddeos (Plataforma FORMS)<\/a><\/li><li><a rel=\"noreferrer noopener\" href=\"https:\/\/universidadefe957-my.sharepoint.com\/:w:\/g\/personal\/hemerson_soares_ufca_edu_br\/ETaB0RkKihBOv03I0QbPdZgBKJU_XSI8ON2gGt_5XVao2A?e=HB6nNM\" target=\"_blank\">Template de Resumo Expandido &#8211; Dimens\u00e3o Extens\u00e3o<\/a><\/li><li><a href=\"https:\/\/universidadefe957-my.sharepoint.com\/:w:\/g\/personal\/hemerson_soares_ufca_edu_br\/EQQVnO3dEe5Mphs_Eijogg0BvAdG50VIZoVk2kKxjGUCxA?e=Z4m21A\">Termo de cess\u00e3o dos direitos autorais para V\u00eddeos<\/a><\/li><li><a rel=\"noreferrer noopener\" href=\"https:\/\/docs.google.com\/document\/d\/1yXkhHrkL7EKRlvNh8uj6mxo4uqCQTV1e\/edit?usp=sharing&amp;ouid=114718348775813916056&amp;rtpof=true&amp;sd=true\" target=\"_blank\">Formul\u00e1rio de interposi\u00e7\u00e3o de recurso<\/a><\/li><li><a rel=\"noreferrer noopener\" href=\"https:\/\/sepec.ufca.edu.br\/wp-content\/uploads\/sites\/193\/2024\/09\/Edital-SEPEC-assinado.pdf\" target=\"_blank\">Edital n\u00ba 01\/2024\/GR\/UFCA &#8211; Chamada para inscri\u00e7\u00f5es e submiss\u00f5es de propostas<\/a><\/li><\/ul>\n\n\n\n<hr class=\"wp-block-separator\" \/>\n\n\n\n<h4 id=\"materiaisapoio\"><strong>Materiais de apoio<\/strong><\/h4>\n\n\n\n<p>A PROEX\/UFCA preparou alguns materiais que podem ajudar na elabora\u00e7\u00e3o dos v\u00eddeos.<\/p>\n\n\n\n<ul><li><a rel=\"noreferrer noopener\" href=\"https:\/\/www.youtube.com\/watch?v=6zuK85FSxp8&amp;t=132s\" target=\"_blank\">Oficina Orat\u00f3ria: como falar em p\u00fablico<\/a><\/li><li><a rel=\"noreferrer noopener\" href=\"https:\/\/www.youtube.com\/watch?v=uJMzSnTSXIU&amp;t=1s\" target=\"_blank\">Dicas de transi\u00e7\u00f5es de v\u00eddeos<\/a><\/li><li><a href=\"https:\/\/sepec.ufca.edu.br\/?page_id=237\">Lista de softwares gratuitos para edi\u00e7\u00e3o de imagens e v\u00eddeos<\/a><\/li><\/ul>\n","protected":false},"excerpt":{"rendered":"<p>Neste ano de 2024, a sexta edi\u00e7\u00e3o do Pr\u00eamio Voc\u00ea Faz a Extens\u00e3o tem como tema: \u201cCidadania e participa\u00e7\u00e3o social\u201d, assim, estabelecendo liga\u00e7\u00e3o com as proposi\u00e7\u00f5es da 21\u00ba Semana Nacional de Ci\u00eancia e Tecnologia: \u201cBiomas do Brasil: diversidade, saberes e tecnologias sociais\u201d, e da 1\u00aa Semana de Ensino, Pesquisa, Extens\u00e3o e Cultura da UFCA (SEPEC), [&hellip;]<\/p>\n","protected":false},"author":34,"featured_media":0,"parent":0,"menu_order":0,"comment_status":"closed","ping_status":"closed","template":"","meta":[],"_links":{"self":[{"href":"https:\/\/sepec.ufca.edu.br\/index.php?rest_route=\/wp\/v2\/pages\/546"}],"collection":[{"href":"https:\/\/sepec.ufca.edu.br\/index.php?rest_route=\/wp\/v2\/pages"}],"about":[{"href":"https:\/\/sepec.ufca.edu.br\/index.php?rest_route=\/wp\/v2\/types\/page"}],"author":[{"embeddable":true,"href":"https:\/\/sepec.ufca.edu.br\/index.php?rest_route=\/wp\/v2\/users\/34"}],"replies":[{"embeddable":true,"href":"https:\/\/sepec.ufca.edu.br\/index.php?rest_route=%2Fwp%2Fv2%2Fcomments&post=546"}],"version-history":[{"count":1,"href":"https:\/\/sepec.ufca.edu.br\/index.php?rest_route=\/wp\/v2\/pages\/546\/revisions"}],"predecessor-version":[{"id":547,"href":"https:\/\/sepec.ufca.edu.br\/index.php?rest_route=\/wp\/v2\/pages\/546\/revisions\/547"}],"wp:attachment":[{"href":"https:\/\/sepec.ufca.edu.br\/index.php?rest_route=%2Fwp%2Fv2%2Fmedia&parent=546"}],"curies":[{"name":"wp","href":"https:\/\/api.w.org\/{rel}","templated":true}]}}