{"id":544,"date":"2025-08-12T15:25:32","date_gmt":"2025-08-12T18:25:32","guid":{"rendered":"https:\/\/sepec.ufca.edu.br\/?page_id=544"},"modified":"2025-08-12T15:25:32","modified_gmt":"2025-08-12T18:25:32","slug":"premiacao-ensino-1a-sepec","status":"publish","type":"page","link":"https:\/\/sepec.ufca.edu.br\/?page_id=544","title":{"rendered":"Premia\u00e7\u00e3o \u2013 Ensino &#8211; 1\u00aa SEPEC"},"content":{"rendered":"\n<p>A Pr\u00f3-Reitoria de Gradua\u00e7\u00e3o (Prograd\/UFCA) divulgou no edital da SEPEC todos os detalhes do Pr\u00eamio de Ensino \u201c<strong>Cidadania e forma\u00e7\u00e3o para o Desenvolvimento Sustent\u00e1vel na Regi\u00e3o da Chapada do Araripe<\/strong>\u201d.<br><br>\u27a1\ufe0f Clique <strong><a href=\"https:\/\/sepec.ufca.edu.br\/?page_id=120\" data-type=\"URL\" data-id=\"https:\/\/sepec.ufca.edu.br\/?page_id=120\">AQUI<\/a><\/strong> e confira o edital e todas as instru\u00e7\u00f5es para a premia\u00e7\u00e3o!<\/p>\n\n\n\n<p>\u27a1\ufe0f O pr\u00eamio ser\u00e1 dividido em tr\u00eas categorias: a) Monitoria no Ensino M\u00e9dio (PIBID, PRP e outras a\u00e7\u00f5es similares); b) Monitoria no Ensino Superior, Aprendizagem e Metodologias (PID, PACCE e outras a\u00e7\u00f5es similares); c) A\u00e7\u00f5es Transformadoras e Forma\u00e7\u00e3o Ampla e de Alta Qualidade (PET, PACCE e outras a\u00e7\u00f5es similares). Confira os valores:<\/p>\n\n\n\n<p><strong>Primeiro lugar de cada categoria<\/strong>: R$ 1.500,00<br><strong>Segundo lugar de cada categoria<\/strong>: R$ 1.000,00<br><strong>Terceiro lugar de cada categoria<\/strong>: R$ 500,00<\/p>\n\n\n\n<p>\u27a1\ufe0f <strong>Qual o objetivo? <\/strong>Incentivar a participa\u00e7\u00e3o de estudantes vinculados(as) aos programas acad\u00eamicos de ensino, para apresenta\u00e7\u00e3o de trabalhos que s\u00e3o resultado de atividades, possibilitando um ambiente de reflex\u00e3o junto \u00e0 comunidade acad\u00eamica sobre o impacto e desenvolvimento educacional propiciado pelas viv\u00eancias nos Programas e Projetos.<\/p>\n\n\n\n<p>\u27a1\ufe0f <strong>Quem pode participar? <\/strong>A candidatura ao Pr\u00eamio de Ensino \u00e9 aberta a todos(as) os(as) estudantes da UFCA que desenvolveram a\u00e7\u00f5es voltadas para a forma\u00e7\u00e3o docente e fortalecimento do ensino e aprendizagem de estudantes, realizadas entre os anos de 2023 e 2024.<\/p>\n","protected":false},"excerpt":{"rendered":"<p>A Pr\u00f3-Reitoria de Gradua\u00e7\u00e3o (Prograd\/UFCA) divulgou no edital da SEPEC todos os detalhes do Pr\u00eamio de Ensino \u201cCidadania e forma\u00e7\u00e3o para o Desenvolvimento Sustent\u00e1vel na Regi\u00e3o da Chapada do Araripe\u201d. \u27a1\ufe0f Clique AQUI e confira o edital e todas as instru\u00e7\u00f5es para a premia\u00e7\u00e3o! \u27a1\ufe0f O pr\u00eamio ser\u00e1 dividido em tr\u00eas categorias: a) Monitoria no [&hellip;]<\/p>\n","protected":false},"author":34,"featured_media":0,"parent":0,"menu_order":0,"comment_status":"closed","ping_status":"closed","template":"","meta":[],"_links":{"self":[{"href":"https:\/\/sepec.ufca.edu.br\/index.php?rest_route=\/wp\/v2\/pages\/544"}],"collection":[{"href":"https:\/\/sepec.ufca.edu.br\/index.php?rest_route=\/wp\/v2\/pages"}],"about":[{"href":"https:\/\/sepec.ufca.edu.br\/index.php?rest_route=\/wp\/v2\/types\/page"}],"author":[{"embeddable":true,"href":"https:\/\/sepec.ufca.edu.br\/index.php?rest_route=\/wp\/v2\/users\/34"}],"replies":[{"embeddable":true,"href":"https:\/\/sepec.ufca.edu.br\/index.php?rest_route=%2Fwp%2Fv2%2Fcomments&post=544"}],"version-history":[{"count":1,"href":"https:\/\/sepec.ufca.edu.br\/index.php?rest_route=\/wp\/v2\/pages\/544\/revisions"}],"predecessor-version":[{"id":545,"href":"https:\/\/sepec.ufca.edu.br\/index.php?rest_route=\/wp\/v2\/pages\/544\/revisions\/545"}],"wp:attachment":[{"href":"https:\/\/sepec.ufca.edu.br\/index.php?rest_route=%2Fwp%2Fv2%2Fmedia&parent=544"}],"curies":[{"name":"wp","href":"https:\/\/api.w.org\/{rel}","templated":true}]}}