{"id":542,"date":"2025-08-12T15:26:37","date_gmt":"2025-08-12T18:26:37","guid":{"rendered":"https:\/\/sepec.ufca.edu.br\/?page_id=542"},"modified":"2025-08-12T15:26:37","modified_gmt":"2025-08-12T18:26:37","slug":"premiacoes-1a-sepec","status":"publish","type":"page","link":"https:\/\/sepec.ufca.edu.br\/?page_id=542","title":{"rendered":"Premia\u00e7\u00f5es &#8211; 1\u00aa SEPEC"},"content":{"rendered":"\n<p>A 1\u00aa SEPEC realizar\u00e1 premia\u00e7\u00f5es relacionadas \u00e0s submiss\u00f5es. Os regulamentos das premia\u00e7\u00f5es podem ser lidos nos seguintes anexos do Edital da 1\u00aa SEPEC:\u00a0<a rel=\"noreferrer noopener\" href=\"https:\/\/sepec.ufca.edu.br\/wp-content\/uploads\/sites\/193\/2024\/09\/Edital-SEPEC-assinado.pdf#page=79\" target=\"_blank\">VII<\/a>\u00a0(Ensino),\u00a0<a rel=\"noreferrer noopener\" href=\"https:\/\/sepec.ufca.edu.br\/wp-content\/uploads\/sites\/193\/2024\/09\/Edital-SEPEC-assinado.pdf#page=83\" target=\"_blank\">VIII<\/a>\u00a0(Pesquisa),\u00a0<a rel=\"noreferrer noopener\" href=\"https:\/\/sepec.ufca.edu.br\/wp-content\/uploads\/sites\/193\/2024\/09\/Edital-SEPEC-assinado.pdf#page=85\" target=\"_blank\">IX<\/a>\u00a0(Extens\u00e3o) e\u00a0<a rel=\"noreferrer noopener\" href=\"https:\/\/sepec.ufca.edu.br\/wp-content\/uploads\/sites\/193\/2024\/09\/Edital-SEPEC-assinado.pdf#page=104\" target=\"_blank\">X<\/a>\u00a0(Cultura).<\/p>\n\n\n\n<p>Saiba mais nas p\u00e1ginas: <a href=\"https:\/\/sepec.ufca.edu.br\/?page_id=544\">Ensino<\/a>, Pesquisa, <a href=\"https:\/\/sepec.ufca.edu.br\/?page_id=546\">Extens\u00e3o<\/a> e Cultura.<\/p>\n","protected":false},"excerpt":{"rendered":"<p>A 1\u00aa SEPEC realizar\u00e1 premia\u00e7\u00f5es relacionadas \u00e0s submiss\u00f5es. Os regulamentos das premia\u00e7\u00f5es podem ser lidos nos seguintes anexos do Edital da 1\u00aa SEPEC:\u00a0VII\u00a0(Ensino),\u00a0VIII\u00a0(Pesquisa),\u00a0IX\u00a0(Extens\u00e3o) e\u00a0X\u00a0(Cultura). Saiba mais nas p\u00e1ginas: Ensino, Pesquisa, Extens\u00e3o e Cultura.<\/p>\n","protected":false},"author":34,"featured_media":0,"parent":0,"menu_order":0,"comment_status":"closed","ping_status":"closed","template":"","meta":[],"_links":{"self":[{"href":"https:\/\/sepec.ufca.edu.br\/index.php?rest_route=\/wp\/v2\/pages\/542"}],"collection":[{"href":"https:\/\/sepec.ufca.edu.br\/index.php?rest_route=\/wp\/v2\/pages"}],"about":[{"href":"https:\/\/sepec.ufca.edu.br\/index.php?rest_route=\/wp\/v2\/types\/page"}],"author":[{"embeddable":true,"href":"https:\/\/sepec.ufca.edu.br\/index.php?rest_route=\/wp\/v2\/users\/34"}],"replies":[{"embeddable":true,"href":"https:\/\/sepec.ufca.edu.br\/index.php?rest_route=%2Fwp%2Fv2%2Fcomments&post=542"}],"version-history":[{"count":1,"href":"https:\/\/sepec.ufca.edu.br\/index.php?rest_route=\/wp\/v2\/pages\/542\/revisions"}],"predecessor-version":[{"id":548,"href":"https:\/\/sepec.ufca.edu.br\/index.php?rest_route=\/wp\/v2\/pages\/542\/revisions\/548"}],"wp:attachment":[{"href":"https:\/\/sepec.ufca.edu.br\/index.php?rest_route=%2Fwp%2Fv2%2Fmedia&parent=542"}],"curies":[{"name":"wp","href":"https:\/\/api.w.org\/{rel}","templated":true}]}}