{"id":533,"date":"2025-08-12T15:18:08","date_gmt":"2025-08-12T18:18:08","guid":{"rendered":"https:\/\/sepec.ufca.edu.br\/?page_id=533"},"modified":"2025-08-12T15:18:08","modified_gmt":"2025-08-12T18:18:08","slug":"submissoes-pesquisa-1a-sepec","status":"publish","type":"page","link":"https:\/\/sepec.ufca.edu.br\/?page_id=533","title":{"rendered":"Submiss\u00f5es &#8211; Pesquisa &#8211; 1\u00aa SEPEC"},"content":{"rendered":"\n<p>As propostas podem ser enviadas at\u00e9 09\/10\/2024. Confira o Edital da 1\u00aa SEPEC abaixo.<\/p>\n\n\n\n<div class=\"wp-block-file\"><a href=\"https:\/\/sepec.ufca.edu.br\/wp-content\/uploads\/sites\/193\/2024\/09\/Edital-SEPEC-assinado.pdf\">Edital N. 01\/2024\/GR\/UFCA &#8211; Chamada de inscri\u00e7\u00f5es e submiss\u00f5es para a 1\u00aa SEPEC &#8211; 11.09.2024<\/a><a href=\"https:\/\/sepec.ufca.edu.br\/wp-content\/uploads\/sites\/193\/2024\/09\/Edital-SEPEC-assinado.pdf\" class=\"wp-block-file__button\" download>Download<\/a><\/div>\n\n\n\n<p><\/p>\n","protected":false},"excerpt":{"rendered":"<p>As propostas podem ser enviadas at\u00e9 09\/10\/2024. Confira o Edital da 1\u00aa SEPEC abaixo.<\/p>\n","protected":false},"author":34,"featured_media":0,"parent":0,"menu_order":0,"comment_status":"closed","ping_status":"closed","template":"","meta":[],"_links":{"self":[{"href":"https:\/\/sepec.ufca.edu.br\/index.php?rest_route=\/wp\/v2\/pages\/533"}],"collection":[{"href":"https:\/\/sepec.ufca.edu.br\/index.php?rest_route=\/wp\/v2\/pages"}],"about":[{"href":"https:\/\/sepec.ufca.edu.br\/index.php?rest_route=\/wp\/v2\/types\/page"}],"author":[{"embeddable":true,"href":"https:\/\/sepec.ufca.edu.br\/index.php?rest_route=\/wp\/v2\/users\/34"}],"replies":[{"embeddable":true,"href":"https:\/\/sepec.ufca.edu.br\/index.php?rest_route=%2Fwp%2Fv2%2Fcomments&post=533"}],"version-history":[{"count":1,"href":"https:\/\/sepec.ufca.edu.br\/index.php?rest_route=\/wp\/v2\/pages\/533\/revisions"}],"predecessor-version":[{"id":534,"href":"https:\/\/sepec.ufca.edu.br\/index.php?rest_route=\/wp\/v2\/pages\/533\/revisions\/534"}],"wp:attachment":[{"href":"https:\/\/sepec.ufca.edu.br\/index.php?rest_route=%2Fwp%2Fv2%2Fmedia&parent=533"}],"curies":[{"name":"wp","href":"https:\/\/api.w.org\/{rel}","templated":true}]}}