{"id":531,"date":"2025-08-12T15:17:17","date_gmt":"2025-08-12T18:17:17","guid":{"rendered":"https:\/\/sepec.ufca.edu.br\/?page_id=531"},"modified":"2025-08-12T15:17:17","modified_gmt":"2025-08-12T18:17:17","slug":"submissoes-ensino-1a-sepec","status":"publish","type":"page","link":"https:\/\/sepec.ufca.edu.br\/?page_id=531","title":{"rendered":"Submiss\u00f5es \u2013 Ensino &#8211; 1\u00aa SEPEC"},"content":{"rendered":"\n<p>\u27a1\ufe0f&nbsp;<strong>Quem pode participar da SEPEC, considerando a dimens\u00e3o Ensino?<\/strong><br>Qualquer pessoa da comunidade acad\u00eamica da UFCA que desenvolva a\u00e7\u00f5es acad\u00eamicas voltadas para o fortalecimento do ensino&nbsp;<\/p>\n\n\n\n<p>\u27a1\ufe0f&nbsp;<strong>Em quais casos s\u00e3o obrigat\u00f3rias as submiss\u00f5es de trabalho?<\/strong> Para bolsistas dos seguintes programas: Aprendizagem Cooperativa em C\u00e9lulas Estudantis (PACCE);Educa\u00e7\u00e3o Tutorial (PET) e Inicia\u00e7\u00e3o \u00e0 Doc\u00eancia (PID).<\/p>\n\n\n\n<p>\u27a1\ufe0f&nbsp;<strong>Como fa\u00e7o para inscrever meu trabalho?<\/strong> Atrav\u00e9s do&nbsp;<a href=\"https:\/\/acoesacademicas.ufca.edu.br\/index.php\/sepec\/SEPEC-Ensino\">Plataforma de Cadastro Unificado de A\u00e7\u00f5es Acad\u00eamicas<\/a>. Mas aten\u00e7\u00e3o! S\u00f3 \u00e9 poss\u00edvel realizar uma submiss\u00e3o por vez. Caso queira enviar outra proposta, ser\u00e1 necess\u00e1rio repetir todo o processo de submiss\u00e3o.<\/p>\n\n\n\n<p>\u27a1\ufe0f&nbsp;<strong>Eu sou bolsista (ou volunt\u00e1rio), vinculado \u00e0 Prograd, como posso pedir dispensa da apresenta\u00e7\u00e3o?&nbsp;<\/strong>Sim, desde que bolsistas e\/ou volunt\u00e1rios\/as tenham apresentado trabalhos vinculados ao objetivo do seu projeto em outro(s) evento(s) acad\u00eamico(s) no ano corrente. Para isso, envie o certificado para a CFOR atrav\u00e9s do e-mail:&nbsp;<a href=\"mailto:cfor.prograd@ufca.edu.br\">cfor.prograd@ufca.edu.br<\/a>&nbsp;<\/p>\n\n\n\n<p>\u27a1\ufe0f&nbsp;<strong>Quais modalidades de trabalho da Prograd\/UFCA ser\u00e3o apresentadas na Sepec?<\/strong> Resumo Simples de Ensino. A submiss\u00e3o deve ser feita em formato PDF e voc\u00ea deve conferir as orienta\u00e7\u00f5es completas&nbsp;<a href=\"https:\/\/sepec.ufca.edu.br\/wp-content\/uploads\/sites\/193\/2024\/09\/Edital-SEPEC-assinado.pdf\">no edital.&nbsp;<\/a><\/p>\n\n\n\n<p>\u27a1\ufe0f&nbsp;<strong>Como devo apresentar o meu resumo?<\/strong> Os resumos simples ser\u00e3o apresentados em formato de banner (forma&nbsp; oral ou sinalizada) em uma sess\u00e3o p\u00fablica mediada por um profissional convidado, seguindo uma din\u00e2mica de Roda de Conversa. Seu trabalho deve ser apresentado em at\u00e9 10 minutos, na forma oral ou sinalizada por um dos autores estudantes. Ser\u00e3o disponibilizados 5 minutos adicionais para a realiza\u00e7\u00e3o de debate.<\/p>\n\n\n\n<p>\u27a1\ufe0f&nbsp;<strong>N\u00e3o posso ir ao evento por motivos de for\u00e7a maior. E agora?&nbsp;<\/strong>O(a) docente orientador(a) dever\u00e1 encaminhar justificativa atrav\u00e9s do e-mail&nbsp;<a href=\"mailto:cfor.prograd@ufca.edu.br\">cfor.prograd@ufca.edu.br<\/a>, destacando no assunto do email a frase \u201cJustificativa Orientador SEPEC_Ensino\u201d.<\/p>\n\n\n\n<p>\u27a1\ufe0f&nbsp;<strong>Como devo enviar os trabalhos? <\/strong>Os resumos devem ser redigidos em portugu\u00eas e editados conforme o&nbsp;<a href=\"https:\/\/docs.google.com\/document\/d\/1C2mr_86kIl88Mq0_0e-OQ8Gq40GuO9Al\/edit\">template dispon\u00edvel aqui<\/a>. O resumo simples deve ter entre 250 e 500 palavras. No ato de submiss\u00e3o, a proposta deve estar em formato PDF e n\u00e3o deve trazer qualquer identifica\u00e7\u00e3o direta ou indireta dos(as) autores(as) ou participantes da proposta. As informa\u00e7\u00f5es dos(as) participantes s\u00e3o informadas na plataforma de submiss\u00e3o. A identifica\u00e7\u00e3o dos(as) autores dever\u00e1 ser inserida apenas na vers\u00e3o final, a ser encaminhada no prazo estabelecido no cronograma desta chamada.<br><br>\u27a1\ufe0f&nbsp;<strong><a href=\"https:\/\/acoescfor.ufca.edu.br\/wp-content\/uploads\/sites\/56\/2024\/09\/Tutorial-de-submisso%CC%83es_PROGRAD.pdf\" data-type=\"URL\" data-id=\"https:\/\/acoescfor.ufca.edu.br\/wp-content\/uploads\/sites\/56\/2024\/09\/Tutorial-de-submisso%CC%83es_PROGRAD.pdf\">Clique AQUI<\/a> e confira o tutorial de como enviar o seu trabalho<\/strong>.  <\/p>\n\n\n\n<p>As propostas podem ser enviadas <strong>at\u00e9 16\/10\/2024<\/strong>. Confira o Edital da 1\u00aa SEPEC abaixo.<\/p>\n\n\n\n<div class=\"wp-block-file\"><a href=\"https:\/\/sepec.ufca.edu.br\/wp-content\/uploads\/sites\/193\/2024\/09\/Edital-SEPEC-assinado.pdf\">Edital N. 01\/2024\/GR\/UFCA &#8211; Chamada de inscri\u00e7\u00f5es e submiss\u00f5es para a 1\u00aa SEPEC &#8211; 11.09.2024<\/a><a href=\"https:\/\/sepec.ufca.edu.br\/wp-content\/uploads\/sites\/193\/2024\/09\/Edital-SEPEC-assinado.pdf\" class=\"wp-block-file__button\" download>Download<\/a><\/div>\n\n\n\n<p><\/p>\n","protected":false},"excerpt":{"rendered":"<p>\u27a1\ufe0f&nbsp;Quem pode participar da SEPEC, considerando a dimens\u00e3o Ensino?Qualquer pessoa da comunidade acad\u00eamica da UFCA que desenvolva a\u00e7\u00f5es acad\u00eamicas voltadas para o fortalecimento do ensino&nbsp; \u27a1\ufe0f&nbsp;Em quais casos s\u00e3o obrigat\u00f3rias as submiss\u00f5es de trabalho? Para bolsistas dos seguintes programas: Aprendizagem Cooperativa em C\u00e9lulas Estudantis (PACCE);Educa\u00e7\u00e3o Tutorial (PET) e Inicia\u00e7\u00e3o \u00e0 Doc\u00eancia (PID). \u27a1\ufe0f&nbsp;Como fa\u00e7o para [&hellip;]<\/p>\n","protected":false},"author":34,"featured_media":0,"parent":0,"menu_order":0,"comment_status":"closed","ping_status":"closed","template":"","meta":[],"_links":{"self":[{"href":"https:\/\/sepec.ufca.edu.br\/index.php?rest_route=\/wp\/v2\/pages\/531"}],"collection":[{"href":"https:\/\/sepec.ufca.edu.br\/index.php?rest_route=\/wp\/v2\/pages"}],"about":[{"href":"https:\/\/sepec.ufca.edu.br\/index.php?rest_route=\/wp\/v2\/types\/page"}],"author":[{"embeddable":true,"href":"https:\/\/sepec.ufca.edu.br\/index.php?rest_route=\/wp\/v2\/users\/34"}],"replies":[{"embeddable":true,"href":"https:\/\/sepec.ufca.edu.br\/index.php?rest_route=%2Fwp%2Fv2%2Fcomments&post=531"}],"version-history":[{"count":1,"href":"https:\/\/sepec.ufca.edu.br\/index.php?rest_route=\/wp\/v2\/pages\/531\/revisions"}],"predecessor-version":[{"id":532,"href":"https:\/\/sepec.ufca.edu.br\/index.php?rest_route=\/wp\/v2\/pages\/531\/revisions\/532"}],"wp:attachment":[{"href":"https:\/\/sepec.ufca.edu.br\/index.php?rest_route=%2Fwp%2Fv2%2Fmedia&parent=531"}],"curies":[{"name":"wp","href":"https:\/\/api.w.org\/{rel}","templated":true}]}}