{"id":525,"date":"2025-08-12T15:02:10","date_gmt":"2025-08-12T18:02:10","guid":{"rendered":"https:\/\/sepec.ufca.edu.br\/?page_id=525"},"modified":"2025-08-12T15:02:10","modified_gmt":"2025-08-12T18:02:10","slug":"inscricoes-1a-sepec","status":"publish","type":"page","link":"https:\/\/sepec.ufca.edu.br\/?page_id=525","title":{"rendered":"Inscri\u00e7\u00f5es &#8211; 1\u00aa SEPEC"},"content":{"rendered":"\n<p>As inscri\u00e7\u00f5es para a 1\u00aa SEPEC foram realizadas no <a rel=\"noreferrer noopener\" href=\"https:\/\/sigeventos.ufca.edu.br\/sigeventos\/login.xhtml\" target=\"_blank\">SIGEventos<\/a> at\u00e9<strong> 06\/02\/2025<\/strong>.<\/p>\n\n\n\n<p>Para acessar o SIGEventos, utilize as mesmas credenciais dos sistemas SIG da UFCA (Sigaa, Sipac, etc.).<\/p>\n\n\n\n<p>Membros da comunidade acad\u00eamica que ainda n\u00e3o possuem cadastro devem: a) solicitar o cadastramento junto \u00e0 DTI; ou b) registrar-se no SIGEventos como usu\u00e1rio externo.<\/p>\n\n\n\n<p>Participantes externos(as) devem se cadastrar no SIGEventos como usu\u00e1rio(a) externo(a) antes de realizar a inscri\u00e7\u00e3o.<\/p>\n\n\n\n<p>O acesso \u00e0 programa\u00e7\u00e3o da 1\u00aa SEPEC \u00e9 livre. No entanto, para receber o certificado de participa\u00e7\u00e3o, \u00e9 necess\u00e1rio realizar a inscri\u00e7\u00e3o como participante no prazo indicado.<br><\/p>\n","protected":false},"excerpt":{"rendered":"<p>As inscri\u00e7\u00f5es para a 1\u00aa SEPEC foram realizadas no SIGEventos at\u00e9 06\/02\/2025. Para acessar o SIGEventos, utilize as mesmas credenciais dos sistemas SIG da UFCA (Sigaa, Sipac, etc.). Membros da comunidade acad\u00eamica que ainda n\u00e3o possuem cadastro devem: a) solicitar o cadastramento junto \u00e0 DTI; ou b) registrar-se no SIGEventos como usu\u00e1rio externo. Participantes externos(as) [&hellip;]<\/p>\n","protected":false},"author":34,"featured_media":0,"parent":0,"menu_order":0,"comment_status":"closed","ping_status":"closed","template":"","meta":[],"_links":{"self":[{"href":"https:\/\/sepec.ufca.edu.br\/index.php?rest_route=\/wp\/v2\/pages\/525"}],"collection":[{"href":"https:\/\/sepec.ufca.edu.br\/index.php?rest_route=\/wp\/v2\/pages"}],"about":[{"href":"https:\/\/sepec.ufca.edu.br\/index.php?rest_route=\/wp\/v2\/types\/page"}],"author":[{"embeddable":true,"href":"https:\/\/sepec.ufca.edu.br\/index.php?rest_route=\/wp\/v2\/users\/34"}],"replies":[{"embeddable":true,"href":"https:\/\/sepec.ufca.edu.br\/index.php?rest_route=%2Fwp%2Fv2%2Fcomments&post=525"}],"version-history":[{"count":1,"href":"https:\/\/sepec.ufca.edu.br\/index.php?rest_route=\/wp\/v2\/pages\/525\/revisions"}],"predecessor-version":[{"id":526,"href":"https:\/\/sepec.ufca.edu.br\/index.php?rest_route=\/wp\/v2\/pages\/525\/revisions\/526"}],"wp:attachment":[{"href":"https:\/\/sepec.ufca.edu.br\/index.php?rest_route=%2Fwp%2Fv2%2Fmedia&parent=525"}],"curies":[{"name":"wp","href":"https:\/\/api.w.org\/{rel}","templated":true}]}}