{"id":521,"date":"2025-08-12T15:04:14","date_gmt":"2025-08-12T18:04:14","guid":{"rendered":"https:\/\/sepec.ufca.edu.br\/?page_id=521"},"modified":"2025-08-12T15:56:34","modified_gmt":"2025-08-12T18:56:34","slug":"1a-semana-de-ensino-pesquisa-extensao-cultura-sepec","status":"publish","type":"page","link":"https:\/\/sepec.ufca.edu.br\/?page_id=521","title":{"rendered":"1\u00aa Semana de Ensino, Pesquisa, Extens\u00e3o Cultura (SEPEC)"},"content":{"rendered":"\n<p>Nesta p\u00e1gina encontra-se informa\u00e7\u00f5es sobre a 1\u00aa SEPEC, que ocorreu nos dias 10 a 14 de fevereiro de 2025.<\/p>\n\n\n\n<div class=\"wp-container-22 wp-block-group alignwide\"><div class=\"wp-block-group__inner-container\">\n<div class=\"wp-container-7 wp-block-columns alignwide are-vertically-aligned-center\">\n<div class=\"wp-container-2 wp-block-column is-vertically-aligned-center\">\n<h3 class=\"has-text-align-center\">Apresenta\u00e7\u00e3o<\/h3>\n\n\n\n<div class=\"wp-container-1 wp-block-buttons aligncenter\">\n<div class=\"wp-block-button is-style-outline\"><a class=\"wp-block-button__link has-black-color has-text-color\" href=\"https:\/\/sepec.ufca.edu.br\/?page_id=523\" style=\"border-radius:50px\">Acesse aqui<\/a><\/div>\n<\/div>\n<\/div>\n\n\n\n<div class=\"wp-container-4 wp-block-column is-vertically-aligned-center\">\n<h3 class=\"has-text-align-center\">Inscri\u00e7\u00f5es<\/h3>\n\n\n\n<div class=\"wp-container-3 wp-block-buttons aligncenter\">\n<div class=\"wp-block-button is-style-outline\"><a class=\"wp-block-button__link has-black-color has-text-color\" href=\"https:\/\/sepec.ufca.edu.br\/?page_id=525\" style=\"border-radius:50px\">Acesse aqui<\/a><\/div>\n<\/div>\n<\/div>\n\n\n\n<div class=\"wp-container-6 wp-block-column is-vertically-aligned-center\">\n<h3 class=\"has-text-align-center\">Submiss\u00f5es<\/h3>\n\n\n\n<div class=\"wp-container-5 wp-block-buttons aligncenter\">\n<div class=\"wp-block-button is-style-outline\"><a class=\"wp-block-button__link has-black-color has-text-color\" href=\"https:\/\/sepec.ufca.edu.br\/?page_id=528\" style=\"border-radius:50px\">Acesse aqui<\/a><\/div>\n<\/div>\n<\/div>\n<\/div>\n\n\n\n<div class=\"wp-container-14 wp-block-columns alignwide are-vertically-aligned-center\">\n<div class=\"wp-container-9 wp-block-column is-vertically-aligned-center\">\n<h3 class=\"has-text-align-center\">Premia\u00e7\u00f5es<\/h3>\n\n\n\n<div class=\"wp-container-8 wp-block-buttons aligncenter\">\n<div class=\"wp-block-button is-style-outline\"><a class=\"wp-block-button__link has-black-color has-text-color\" href=\"https:\/\/sepec.ufca.edu.br\/?page_id=542\" style=\"border-radius:50px\">Acesse aqui<\/a><\/div>\n<\/div>\n<\/div>\n\n\n\n<div class=\"wp-container-11 wp-block-column is-vertically-aligned-center\">\n<h3 class=\"has-text-align-center\">Programa\u00e7\u00e3o<\/h3>\n\n\n\n<div class=\"wp-container-10 wp-block-buttons aligncenter\">\n<div class=\"wp-block-button is-style-outline\"><a class=\"wp-block-button__link has-black-color has-text-color\" href=\"https:\/\/lookerstudio.google.com\/u\/3\/reporting\/e4741c35-3cd9-421f-8683-962632a6cc9c\/page\/6B3ZE\" style=\"border-radius:50px\" target=\"_blank\" rel=\"noreferrer noopener\">Acesse aqui<\/a><\/div>\n<\/div>\n<\/div>\n\n\n\n<div class=\"wp-container-13 wp-block-column is-vertically-aligned-center\">\n<h3 class=\"has-text-align-center\">Certificados<\/h3>\n\n\n\n<div class=\"wp-container-12 wp-block-buttons aligncenter\">\n<div class=\"wp-block-button is-style-outline\"><a class=\"wp-block-button__link has-black-color has-text-color\" href=\"https:\/\/sepec.ufca.edu.br\/?page_id=550\" style=\"border-radius:50px\">Acesse aqui<\/a><\/div>\n<\/div>\n<\/div>\n<\/div>\n\n\n\n<div class=\"wp-container-21 wp-block-columns alignwide are-vertically-aligned-center\">\n<div class=\"wp-container-16 wp-block-column is-vertically-aligned-center\">\n<h3 class=\"has-text-align-center\">D\u00favidas<\/h3>\n\n\n\n<div class=\"wp-container-15 wp-block-buttons aligncenter\">\n<div class=\"wp-block-button is-style-outline\"><a class=\"wp-block-button__link has-black-color has-text-color\" href=\"https:\/\/sepec.ufca.edu.br\/?page_id=553\" style=\"border-radius:50px\">Acesse aqui<\/a><\/div>\n<\/div>\n<\/div>\n\n\n\n<div class=\"wp-container-18 wp-block-column is-vertically-aligned-center\">\n<h3 class=\"has-text-align-center\">Editais<\/h3>\n\n\n\n<div class=\"wp-container-17 wp-block-buttons aligncenter\">\n<div class=\"wp-block-button is-style-outline\"><a class=\"wp-block-button__link has-black-color has-text-color\" href=\"https:\/\/sepec.ufca.edu.br\/?page_id=555\" style=\"border-radius:50px\">Acesse aqui<\/a><\/div>\n<\/div>\n<\/div>\n\n\n\n<div class=\"wp-container-20 wp-block-column is-vertically-aligned-center\">\n<h3 class=\"has-text-align-center\">Informa\u00e7\u00f5es gerais<\/h3>\n\n\n\n<div class=\"wp-container-19 wp-block-buttons aligncenter\">\n<div class=\"wp-block-button is-style-outline\"><a class=\"wp-block-button__link has-black-color has-text-color\" href=\"https:\/\/sepec.ufca.edu.br\/?page_id=560\" style=\"border-radius:50px\">Acesse aqui<\/a><\/div>\n<\/div>\n<\/div>\n<\/div>\n<\/div><\/div>\n","protected":false},"excerpt":{"rendered":"<p>Nesta p\u00e1gina encontra-se informa\u00e7\u00f5es sobre a 1\u00aa SEPEC, que ocorreu nos dias 10 a 14 de fevereiro de 2025. Apresenta\u00e7\u00e3o Inscri\u00e7\u00f5es Submiss\u00f5es Premia\u00e7\u00f5es Programa\u00e7\u00e3o Certificados D\u00favidas Editais Informa\u00e7\u00f5es gerais<\/p>\n","protected":false},"author":34,"featured_media":0,"parent":0,"menu_order":0,"comment_status":"closed","ping_status":"closed","template":"","meta":[],"_links":{"self":[{"href":"https:\/\/sepec.ufca.edu.br\/index.php?rest_route=\/wp\/v2\/pages\/521"}],"collection":[{"href":"https:\/\/sepec.ufca.edu.br\/index.php?rest_route=\/wp\/v2\/pages"}],"about":[{"href":"https:\/\/sepec.ufca.edu.br\/index.php?rest_route=\/wp\/v2\/types\/page"}],"author":[{"embeddable":true,"href":"https:\/\/sepec.ufca.edu.br\/index.php?rest_route=\/wp\/v2\/users\/34"}],"replies":[{"embeddable":true,"href":"https:\/\/sepec.ufca.edu.br\/index.php?rest_route=%2Fwp%2Fv2%2Fcomments&post=521"}],"version-history":[{"count":7,"href":"https:\/\/sepec.ufca.edu.br\/index.php?rest_route=\/wp\/v2\/pages\/521\/revisions"}],"predecessor-version":[{"id":562,"href":"https:\/\/sepec.ufca.edu.br\/index.php?rest_route=\/wp\/v2\/pages\/521\/revisions\/562"}],"wp:attachment":[{"href":"https:\/\/sepec.ufca.edu.br\/index.php?rest_route=%2Fwp%2Fv2%2Fmedia&parent=521"}],"curies":[{"name":"wp","href":"https:\/\/api.w.org\/{rel}","templated":true}]}}