{"id":34,"date":"2024-08-08T07:06:11","date_gmt":"2024-08-08T10:06:11","guid":{"rendered":"https:\/\/sites.ufca.edu.br\/sepec\/?page_id=34"},"modified":"2025-09-18T17:30:50","modified_gmt":"2025-09-18T20:30:50","slug":"cronograma","status":"publish","type":"page","link":"https:\/\/sepec.ufca.edu.br\/?page_id=34","title":{"rendered":"Certificados"},"content":{"rendered":"\n<p>Os certificados da 2\u00aa Semana de Ensino, Pesquisa, Extens\u00e3o e Cultura (SEPEC) ser\u00e3o disponibilizados logo ap\u00f3s finaliza\u00e7\u00e3o do evento. Em s\u00edntese, ser\u00e3o emitidos os certificados nas seguintes categorias:<\/p>\n\n\n\n<ul><li>Participa\u00e7\u00e3o geral no evento;<\/li><li>Apresenta\u00e7\u00e3o de trabalhos (Dimens\u00f5es Ensino, Pesquisa, Extens\u00e3o e Cultura);<\/li><li>Premia\u00e7\u00e3o dos melhores trabalhos (Dimens\u00f5es Ensino, Pesquisa, Extens\u00e3o e Cultura);<\/li><li>Monitores;<\/li><li>Organizadores.<\/li><\/ul>\n\n\n\n<p>Todos os certificados ser\u00e3o disponibilizados no <a rel=\"noreferrer noopener\" href=\"https:\/\/doity.com.br\/sepec2025\/certificados\" target=\"_blank\">Doity <\/a>(com exce\u00e7\u00e3o dos trabalhos apresentados na Dimens\u00e3o Pesquisa, que ser\u00e3o na plataforma <a rel=\"noreferrer noopener\" href=\"https:\/\/sci01-ter-jne.ufca.edu.br\/cppgi\/\" target=\"_blank\">Yoko<\/a>).<\/p>\n\n\n\n<h2><strong>Como posso acessar os certificados no Doity?<\/strong><\/h2>\n\n\n\n<p>Ap\u00f3s o evento, todos os certificados ser\u00e3o enviados para os e-mails dos inscritos. Por\u00e9m, caso n\u00e3o tenha chegado, <a rel=\"noreferrer noopener\" href=\"https:\/\/doity.com.br\/sepec2025\/certificados\" target=\"_blank\">abra este link<\/a>. Na p\u00e1gina aberta, digite o seu endere\u00e7o de e-mail, e clique no bot\u00e3o Buscar.<\/p>\n\n\n\n<p>Depois disso, chegar\u00e1 um e-mail na caixa de entrada com o assunto &#8220;Seu certificado do evento 2\u00aa Semana de Ensino, Pesquisa, Extens\u00e3o e Cultura (SEPEC) j\u00e1 est\u00e1 dispon\u00edvel&#8221; contendo os certificados.<\/p>\n\n\n\n<h2><strong>Como posso acessar os certificados na Yoko?<\/strong><\/h2>\n\n\n\n<p>Ap\u00f3s o evento, todos os certificados da Dimens\u00e3o Pesquisa s\u00e3o enviados para os e-mails dos inscritos. Por\u00e9m, caso n\u00e3o tenha chegado, <a rel=\"noreferrer noopener\" href=\"https:\/\/doity.com.br\/sepec2025\/certificados\" target=\"_blank\">abra este link<\/a>. Na p\u00e1gina aberta, v\u00e1 em <strong>Minhas Submiss\u00f5es<\/strong>, digite seus dados de login e clique em Entrar.  <\/p>\n\n\n\n<p>Na nova p\u00e1gina aberta, ser\u00e3o listados todos os trabalhos submetidos. Para baixar o certificado, clique no \u00edcone em forma de documento. <\/p>\n","protected":false},"excerpt":{"rendered":"<p>Os certificados da 2\u00aa Semana de Ensino, Pesquisa, Extens\u00e3o e Cultura (SEPEC) ser\u00e3o disponibilizados logo ap\u00f3s finaliza\u00e7\u00e3o do evento. Em s\u00edntese, ser\u00e3o emitidos os certificados nas seguintes categorias: Participa\u00e7\u00e3o geral no evento; Apresenta\u00e7\u00e3o de trabalhos (Dimens\u00f5es Ensino, Pesquisa, Extens\u00e3o e Cultura); Premia\u00e7\u00e3o dos melhores trabalhos (Dimens\u00f5es Ensino, Pesquisa, Extens\u00e3o e Cultura); Monitores; Organizadores. Todos os [&hellip;]<\/p>\n","protected":false},"author":230,"featured_media":0,"parent":0,"menu_order":0,"comment_status":"closed","ping_status":"closed","template":"","meta":[],"_links":{"self":[{"href":"https:\/\/sepec.ufca.edu.br\/index.php?rest_route=\/wp\/v2\/pages\/34"}],"collection":[{"href":"https:\/\/sepec.ufca.edu.br\/index.php?rest_route=\/wp\/v2\/pages"}],"about":[{"href":"https:\/\/sepec.ufca.edu.br\/index.php?rest_route=\/wp\/v2\/types\/page"}],"author":[{"embeddable":true,"href":"https:\/\/sepec.ufca.edu.br\/index.php?rest_route=\/wp\/v2\/users\/230"}],"replies":[{"embeddable":true,"href":"https:\/\/sepec.ufca.edu.br\/index.php?rest_route=%2Fwp%2Fv2%2Fcomments&post=34"}],"version-history":[{"count":31,"href":"https:\/\/sepec.ufca.edu.br\/index.php?rest_route=\/wp\/v2\/pages\/34\/revisions"}],"predecessor-version":[{"id":666,"href":"https:\/\/sepec.ufca.edu.br\/index.php?rest_route=\/wp\/v2\/pages\/34\/revisions\/666"}],"wp:attachment":[{"href":"https:\/\/sepec.ufca.edu.br\/index.php?rest_route=%2Fwp%2Fv2%2Fmedia&parent=34"}],"curies":[{"name":"wp","href":"https:\/\/api.w.org\/{rel}","templated":true}]}}