{"id":33,"date":"2024-08-08T07:06:11","date_gmt":"2024-08-08T10:06:11","guid":{"rendered":"https:\/\/sites.ufca.edu.br\/sepec\/?page_id=33"},"modified":"2025-12-03T15:06:10","modified_gmt":"2025-12-03T18:06:10","slug":"programacao","status":"publish","type":"page","link":"https:\/\/sepec.ufca.edu.br\/?page_id=33","title":{"rendered":"Programa\u00e7\u00e3o"},"content":{"rendered":"\n<h3 class=\"has-background\" id=\"segunda\" style=\"background-color:#e1e1e3\"><strong>Segunda-feira (01\/12) <\/strong><\/h3>\n\n\n\n<h4><strong>9h \u00e0s 19h | Inscri\u00e7\u00e3o e credenciamento<\/strong><\/h4>\n\n\n\n<p><em>Local: P\u00e1tio\/entrada de cada campus<\/em><\/p>\n\n\n\n<ul><li>9h \u00e0s 12h: todos os campi<\/li><li>12h \u00e0s 19h: apenas no campus Juazeiro do Norte<\/li><\/ul>\n\n\n\n<hr class=\"wp-block-separator has-css-opacity\" \/>\n\n\n\n<h4><strong>16h \u00e0s 18h | Abertura 2\u00aa SEPEC <\/strong><\/h4>\n\n\n\n<p><em>Local: Audit\u00f3rio Beata Maria de Ara\u00fajo do campus Juazeiro do Norte<\/em><\/p>\n\n\n\n<ul><li>Apresenta\u00e7\u00e3o art\u00edstica<\/li><li>Novo v\u00eddeo institucional da UFCA<\/li><li>Cordel com Tema da 2\u00aa Sepec<\/li><li>Mesa Diretiva<\/li><\/ul>\n\n\n\n<hr class=\"wp-block-separator has-css-opacity\" \/>\n\n\n\n<h4><strong>18h \u00e0s 19h | Palestra de Abertura com o tema &#8220;\u00c1guas do Cariri: patrim\u00f4nio e cultura&#8221; <\/strong><\/h4>\n\n\n\n<p><em>Local: Audit\u00f3rio Beata Maria de Ara\u00fajo do campus Juazeiro do Norte<\/em><\/p>\n\n\n\n<ul><li>Palestrante: Professor Allysson Pontes Pinheiro (URCA) &#8211; <em><a rel=\"noreferrer noopener\" href=\"http:\/\/lattes.cnpq.br\/6694712411033380\" target=\"_blank\">ver Lattes<\/a><\/em><\/li><\/ul>\n\n\n\n<hr class=\"wp-block-separator has-css-opacity\" \/>\n\n\n\n<h4><strong>19h \u00e0s 20h | Coffee-Break e distribui\u00e7\u00e3o de kits participante para a audi\u00eancia da palestra<\/strong><\/h4>\n\n\n\n<p><em>Local: Audit\u00f3rio Beata Maria de Ara\u00fajo do campus Juazeiro do Norte<\/em><\/p>\n\n\n\n<hr class=\"wp-block-separator has-css-opacity\" \/>\n\n\n\n<h3 class=\"has-background\" id=\"terca\" style=\"background-color:#64c3d5\"><strong>Ter\u00e7a-feira (02\/12) &#8211; Dia D do Campus Juazeiro do Norte<\/strong><\/h3>\n\n\n\n<p class=\"has-background\" style=\"background-color:#d8f0f4\"><strong>Atividades presenciais:<\/strong><\/p>\n\n\n\n<p><strong>Comunica\u00e7\u00f5es<\/strong><\/p>\n\n\n\n<p>\u25cf Dimens\u00e3o Ensino<br>8h \u00e0s 12h (Salas E01, E03, E04, E19, M02-S e M03-S)<\/p>\n\n\n\n<p><strong>Apresenta\u00e7\u00f5es<\/strong><\/p>\n\n\n\n<p>\u25cf P\u00f4ster \u2013 Dimens\u00e3o Pesquisa<br>9h \u00e0s 11h \u2013 P\u00e1tio (entre os blocos A e D)<\/p>\n\n\n\n<p>\u25cf Dimens\u00e3o Cultura<br>9h \u00e0s 11h \u2013 P\u00e1tio (entre os blocos A e D)<\/p>\n\n\n\n<p><strong>Movimenta Campus<\/strong><br>12h30 \u00e0s 13h30 \u2013 P\u00e1tio (entre os blocos A e D)<\/p>\n\n\n\n<p><strong>Conversa com Pr\u00f3-Reitorias da UFCA<\/strong><br>13h30 \u00e0s 15h \u2013 Miniaudit\u00f3rio B\u00e1rbara de Alencar<br>Tema: <strong>&#8220;O que \u00e9 sa\u00fade mental?&#8221;<\/strong><\/p>\n\n\n\n<ul><li>Conversa com as 4 Pr\u00f3-Reitorias final\u00edsticas, em parceria com as Pr\u00f3-Reitorias de Assuntos Estudantis e de Gest\u00e3o de Pessoas (Prograd, PRPI, Proex, Procult, Prae e Progep)<\/li><li>Distribui\u00e7\u00e3o de kits lanche<\/li><\/ul>\n\n\n\n<p><strong>Apresenta\u00e7\u00e3o Art\u00edstica<\/strong><\/p>\n\n\n\n<p>\u25cf Teatro de Rua<br>17h \u00e0s 17h30 &#8211; P\u00e1tio (entre os blocos E e G)<\/p>\n\n\n\n<p>Laborat\u00f3rio C\u00eanico: Um experimento formativo a partir de<br>&#8220;O Afortunado ou O Auto do Homem Que Guardava Demais&#8221;<\/p>\n\n\n\n<hr class=\"wp-block-separator has-css-opacity\" \/>\n\n\n\n<p class=\"has-background\" style=\"background-color:#d8f0f4\"><strong>Atividades on-line<\/strong>:<\/p>\n\n\n\n<h4><strong>8h \u00e0s 12h | Apresenta\u00e7\u00e3o de trabalhos &#8211; Dimens\u00e3o Pesquisa<\/strong><\/h4>\n\n\n\n<p><em>Local: Google Meeting<\/em><\/p>\n\n\n\n<hr class=\"wp-block-separator has-css-opacity\" \/>\n\n\n\n<h4><strong>13h30 \u00e0s 16h30 | Apresenta\u00e7\u00e3o de trabalhos &#8211; Dimens\u00e3o Cultura<\/strong><\/h4>\n\n\n\n<p><em>Local: Google Meeting<\/em><\/p>\n\n\n\n<hr class=\"wp-block-separator has-css-opacity\" \/>\n\n\n\n<h4><strong>18h30 \u00e0s 21h30 | Apresenta\u00e7\u00e3o de trabalhos &#8211; Dimens\u00f5es Pesquisa e Extens\u00e3o<\/strong><\/h4>\n\n\n\n<p><em>Local: Google Meeting<\/em><\/p>\n\n\n\n<hr class=\"wp-block-separator has-css-opacity\" \/>\n\n\n\n<h3 class=\"has-background\" id=\"quarta\" style=\"background-color:#f2975e\"><strong>Quarta-feira (03\/12) &#8211; Dia D do Campus Crato<\/strong><\/h3>\n\n\n\n<p class=\"has-background\" style=\"background-color:#fce5d7\"><strong>Atividades presenciais:<\/strong><\/p>\n\n\n\n<p><strong>Comunica\u00e7\u00f5es<\/strong><\/p>\n\n\n\n<p>Dimens\u00e3o Ensino<br>8h \u00e0s 12h (Salas M101, M205, M204 e Sala da Biblioteca)<\/p>\n\n\n\n<p><strong>Apresenta\u00e7\u00f5es<\/strong><\/p>\n\n\n\n<p>\u25cf Dimens\u00e3o Cultura<br>9h \u00e0s 11h \u2013 Quadra<\/p>\n\n\n\n<p>\u25cf Dimens\u00e3o Pesquisa<br>9h \u00e0s 11h \u2013 Quadra<\/p>\n\n\n\n<p><strong>Movimenta Campus<\/strong><br>12h30 \u00e0s 13h30 \u2013 Quadra<\/p>\n\n\n\n<p><strong>Conversa com a comunidade universit\u00e1ria<\/strong><br>13h30 \u00e0s 15h30 \u2013 Quadra<br><strong>Tema: <\/strong><em>Transforma\u00e7\u00f5es recentes no espa\u00e7o agr\u00e1rio cearense: \u00e1gua, territ\u00f3rio e poder, entre os sert\u00f5es e o Atl\u00e2ntico<\/em><br><em>Professor: Anderson Camargo Rodrigues Brito (Urca)<\/em><\/p>\n\n\n\n<ul><li>Conversa entre os pares<\/li><li>Distribui\u00e7\u00e3o de kits lanche<\/li><\/ul>\n\n\n\n<p><strong>Apresenta\u00e7\u00e3o Art\u00edstica<\/strong><\/p>\n\n\n\n<p>\u25cf Apresenta\u00e7\u00e3o Musical<br>15h30 \u00e0s 16h30 \u2013 Sala de Eventos<\/p>\n\n\n\n<p>Sauda\u00e7\u00e3o \u00e0s M\u00e3es D&#8217;\u00e1gua<\/p>\n\n\n\n<hr class=\"wp-block-separator has-css-opacity\" \/>\n\n\n\n<p class=\"has-background\" style=\"background-color:#fce5d7\"><strong>Atividades on-line:<\/strong><\/p>\n\n\n\n<h4><strong>18h30 \u00e0s 21h30 | Apresenta\u00e7\u00e3o de trabalhos &#8211; Dimens\u00f5es Pesquisa, Extens\u00e3o e Cultura<\/strong><\/h4>\n\n\n\n<p><em>Local: Google Meeting<\/em><\/p>\n\n\n\n<hr class=\"wp-block-separator has-css-opacity\" \/>\n\n\n\n<h3 class=\"has-background\" id=\"quinta\" style=\"background-color:#93bf49\"><strong>Quinta-feira (04\/12) &#8211; Dia D do Campus Brejo Santo<\/strong><\/h3>\n\n\n\n<p class=\"has-background\" style=\"background-color:#e4efd1\"><strong>Atividades presenciais:<\/strong><\/p>\n\n\n\n<p><strong>Comunica\u00e7\u00e3o<\/strong><\/p>\n\n\n\n<p>\u25cf Dimens\u00e3o Ensino<br>14h \u00e0s 17h (Salas 8, 9, 10 e 11)<\/p>\n\n\n\n<p><strong>Apresenta\u00e7\u00f5es<\/strong><\/p>\n\n\n\n<p class=\"has-vivid-red-color has-cyan-bluish-gray-background-color has-text-color has-background\"><strong>\u25cf Dimens\u00e3o Cultura<br>14h \u00e0s 17h (P\u00e1tio)<\/strong><\/p>\n\n\n\n<p>\u25cf P\u00f4ster \u2013 Dimens\u00e3o Pesquisa<br>14h \u00e0s 17h (P\u00e1tio)<\/p>\n\n\n\n<p><strong>Apresenta\u00e7\u00e3o Art\u00edstica<\/strong><\/p>\n\n\n\n<p>\u25cf Cinema<br>16h \u00e0s 16h30 \u2013 Sala 12<\/p>\n\n\n\n<p>Kariri, Sil\u00eancio Estrondoso: O Cinema como Ferramenta de Mobiliza\u00e7\u00e3o para a Cria\u00e7\u00e3o de um Curso Superior na UFCA<\/p>\n\n\n\n<p><strong>Conversa com as Pr\u00f3-Reitorias<\/strong><br>17h \u00e0s 19h \u2013 P\u00e1tio (<em>Pr\u00f3ximo ao RU<\/em> do campus Brejo Santo)<br><strong>Tema: Panorama do IFE na Pesquisa, Extens\u00e3o, Ensino e Cultura<\/strong><\/p>\n\n\n\n<ul><li>Conversa com as 4 Pr\u00f3-Reitorias final\u00edsticas (Prograd, PRPI, Proex e Procult)<\/li><li>Distribui\u00e7\u00e3o de kits lanche<\/li><\/ul>\n\n\n\n<p><\/p>\n\n\n\n<h3 class=\"has-background\" id=\"sexta\" style=\"background-color:#fdce53\"><strong>Sexta-feira (05\/12) &#8211; Dia D do Campus Barbalha<\/strong><\/h3>\n\n\n\n<hr class=\"wp-block-separator has-css-opacity\" \/>\n\n\n\n<p class=\"has-background\" style=\"background-color:#fef3d4\"><strong>Atividades presenciais:<\/strong><\/p>\n\n\n\n<p><strong>Apresenta\u00e7\u00e3o Art\u00edstica<\/strong><\/p>\n\n\n\n<p>\u25cf Exposi\u00e7\u00e3o<br>8h \u00e0s 17h &#8211; Corredor de Exposi\u00e7\u00f5es<\/p>\n\n\n\n<p>Cariri Desenhado: Desenhando o Crajubar<\/p>\n\n\n\n<p><strong>Comunica\u00e7\u00e3o<\/strong><\/p>\n\n\n\n<p>\u25cf Dimens\u00e3o Ensino<br>8h \u00e0s 12h (Sala 6, 7 e 8)<\/p>\n\n\n\n<p><strong>Apresenta\u00e7\u00f5es<\/strong><\/p>\n\n\n\n<p>\u25cf P\u00f4ster \u2013 Dimens\u00e3o Pesquisa<br>8h \u00e0s 12h (Sala A-207)<\/p>\n\n\n\n<p>\u25cf Dimens\u00e3o Cultura<br>9h \u00e0s 11h (Sala A-209)<\/p>\n\n\n\n<p><strong>Conversa com as Pr\u00f3-Reitorias<\/strong><br>12h30 \u00e0s 14h30 \u2013 Audit\u00f3rio<br>Distribui\u00e7\u00e3o de Kits Lanche no local<\/p>\n\n\n\n<p><strong>Premia\u00e7\u00e3o<\/strong><br>15h \u00e0s 17h40 \u2013 Audit\u00f3rio<br><\/p>\n","protected":false},"excerpt":{"rendered":"<p>Segunda-feira (01\/12) 9h \u00e0s 19h | Inscri\u00e7\u00e3o e credenciamento Local: P\u00e1tio\/entrada de cada campus 9h \u00e0s 12h: todos os campi 12h \u00e0s 19h: apenas no campus Juazeiro do Norte 16h \u00e0s 18h | Abertura 2\u00aa SEPEC Local: Audit\u00f3rio Beata Maria de Ara\u00fajo do campus Juazeiro do Norte Apresenta\u00e7\u00e3o art\u00edstica Novo v\u00eddeo institucional da UFCA Cordel [&hellip;]<\/p>\n","protected":false},"author":230,"featured_media":0,"parent":0,"menu_order":0,"comment_status":"closed","ping_status":"closed","template":"","meta":[],"_links":{"self":[{"href":"https:\/\/sepec.ufca.edu.br\/index.php?rest_route=\/wp\/v2\/pages\/33"}],"collection":[{"href":"https:\/\/sepec.ufca.edu.br\/index.php?rest_route=\/wp\/v2\/pages"}],"about":[{"href":"https:\/\/sepec.ufca.edu.br\/index.php?rest_route=\/wp\/v2\/types\/page"}],"author":[{"embeddable":true,"href":"https:\/\/sepec.ufca.edu.br\/index.php?rest_route=\/wp\/v2\/users\/230"}],"replies":[{"embeddable":true,"href":"https:\/\/sepec.ufca.edu.br\/index.php?rest_route=%2Fwp%2Fv2%2Fcomments&post=33"}],"version-history":[{"count":33,"href":"https:\/\/sepec.ufca.edu.br\/index.php?rest_route=\/wp\/v2\/pages\/33\/revisions"}],"predecessor-version":[{"id":802,"href":"https:\/\/sepec.ufca.edu.br\/index.php?rest_route=\/wp\/v2\/pages\/33\/revisions\/802"}],"wp:attachment":[{"href":"https:\/\/sepec.ufca.edu.br\/index.php?rest_route=%2Fwp%2Fv2%2Fmedia&parent=33"}],"curies":[{"name":"wp","href":"https:\/\/api.w.org\/{rel}","templated":true}]}}