{"id":237,"date":"2024-09-24T17:07:42","date_gmt":"2024-09-24T20:07:42","guid":{"rendered":"https:\/\/sites.ufca.edu.br\/sepec\/?page_id=237"},"modified":"2024-09-24T17:07:42","modified_gmt":"2024-09-24T20:07:42","slug":"lista-de-softwares-gratuitos-para-edicao-de-imagens-e-videos","status":"publish","type":"page","link":"https:\/\/sepec.ufca.edu.br\/?page_id=237","title":{"rendered":"Lista de softwares gratuitos para edi\u00e7\u00e3o de imagens e v\u00eddeos"},"content":{"rendered":"\n<p>Nesta p\u00e1gina foram organizados uma lista de softwares que podem ser utilizados para edi\u00e7\u00e3o de imagens e v\u00eddeos. Clique no nome do software para ser direcionado a p\u00e1gina de download.<\/p>\n\n\n\n<h3>Edi\u00e7\u00e3o de imagem<\/h3>\n\n\n\n<ul><li><a rel=\"noreferrer noopener\" href=\"https:\/\/www.canva.com\/pt_br\/signup\/\" target=\"_blank\">Canvas (web)<\/a><\/li><li><a rel=\"noreferrer noopener\" href=\"https:\/\/www.gimp.org\/\" target=\"_blank\">Gimp (Windows e Linux)<\/a><\/li><li><a rel=\"noreferrer noopener\" href=\"https:\/\/picsart.com\/create\" target=\"_blank\">Pcsart (web)<\/a><\/li><li><a rel=\"noreferrer noopener\" href=\"https:\/\/www.photogrid.app\/pt\/\" target=\"_blank\">Photogrid (celular)<\/a><\/li><li><a rel=\"noreferrer noopener\" href=\"https:\/\/inkscape.org\/pt-br\/\" target=\"_blank\">Inkscape para desenhos (computador)<\/a><\/li><li><a rel=\"noreferrer noopener\" href=\"https:\/\/www.canva.com\/pt_br\/videos\/\" target=\"_blank\">Canva (Web)<\/a><\/li><li><a rel=\"noreferrer noopener\" href=\"https:\/\/www.getpaint.net\/index.html\" target=\"_blank\">Paint.NET (Windows)<\/a><\/li><li><a href=\"https:\/\/www.fotor.com\/pt\/\" target=\"_blank\" rel=\"noreferrer noopener\">Fotor (Web)<\/a><\/li><\/ul>\n\n\n\n<h3>Edi\u00e7\u00e3o de v\u00eddeo<\/h3>\n\n\n\n<ul id=\"block-a2268988-5709-4441-8249-7fe0ad40018f\"><li><a rel=\"noreferrer noopener\" href=\"https:\/\/www.clipchamp.com\/en\/\" target=\"_blank\">Clipchamp (Web)<\/a><\/li><li><a rel=\"noreferrer noopener\" href=\"https:\/\/www.apple.com\/imovie\/\" target=\"_blank\">iMovie (Mac e iPhone)<\/a><\/li><li><a rel=\"noreferrer noopener\" href=\"https:\/\/www.openshot.org\/pt\/\" target=\"_blank\">Openshot (Windows, Mac, e Linux)<\/a> <\/li><li><a rel=\"noreferrer noopener\" href=\"https:\/\/support.microsoft.com\/pt-br\/windows\/o-movie-maker-n%C3%A3o-est%C3%A1-mais-dispon%C3%ADvel-para-download-no-windows-10-8cf3c646-5ce9-c1b1-6eba-874971a99c1c\" target=\"_blank\">Windows Movie Maker (computador)<\/a> <\/li><li><a rel=\"noreferrer noopener\" href=\"https:\/\/www.techtudo.com.br\/tudo-sobre\/lightworks.html\" target=\"_blank\">Lightworks (Windows, macOS, e Linux)<\/a><\/li><li><a rel=\"noreferrer noopener\" href=\"https:\/\/www.videosoftdev.com\/pt\/free-video-editing-software-no-watermark\" target=\"_blank\">Kapwing (Web)<\/a><\/li><li><a rel=\"noreferrer noopener\" href=\"https:\/\/kdenlive.org\/en\/download\/\" target=\"_blank\">KDE Live (Windows, Mac, e Linux)<\/a><\/li><li><a rel=\"noreferrer noopener\" href=\"https:\/\/play.google.com\/store\/apps\/details?id=fnzstudios.com.blureditor\" target=\"_blank\">Blur Video (celular)<\/a><\/li><li><a rel=\"noreferrer noopener\" href=\"https:\/\/www.nchsoftware.com\/videopad\/index.html\" target=\"_blank\">Videopad (Windows, Mac)<\/a><\/li><li><a href=\"https:\/\/www.canva.com\/pt_br\/videos\/\" target=\"_blank\" rel=\"noreferrer noopener\">Canva (Web)<\/a><\/li><\/ul>\n","protected":false},"excerpt":{"rendered":"<p>Nesta p\u00e1gina foram organizados uma lista de softwares que podem ser utilizados para edi\u00e7\u00e3o de imagens e v\u00eddeos. Clique no nome do software para ser direcionado a p\u00e1gina de download. Edi\u00e7\u00e3o de imagem Canvas (web) Gimp (Windows e Linux) Pcsart (web) Photogrid (celular) Inkscape para desenhos (computador) Canva (Web) Paint.NET (Windows) Fotor (Web) Edi\u00e7\u00e3o de [&hellip;]<\/p>\n","protected":false},"author":34,"featured_media":0,"parent":0,"menu_order":0,"comment_status":"closed","ping_status":"closed","template":"","meta":[],"_links":{"self":[{"href":"https:\/\/sepec.ufca.edu.br\/index.php?rest_route=\/wp\/v2\/pages\/237"}],"collection":[{"href":"https:\/\/sepec.ufca.edu.br\/index.php?rest_route=\/wp\/v2\/pages"}],"about":[{"href":"https:\/\/sepec.ufca.edu.br\/index.php?rest_route=\/wp\/v2\/types\/page"}],"author":[{"embeddable":true,"href":"https:\/\/sepec.ufca.edu.br\/index.php?rest_route=\/wp\/v2\/users\/34"}],"replies":[{"embeddable":true,"href":"https:\/\/sepec.ufca.edu.br\/index.php?rest_route=%2Fwp%2Fv2%2Fcomments&post=237"}],"version-history":[{"count":1,"href":"https:\/\/sepec.ufca.edu.br\/index.php?rest_route=\/wp\/v2\/pages\/237\/revisions"}],"predecessor-version":[{"id":238,"href":"https:\/\/sepec.ufca.edu.br\/index.php?rest_route=\/wp\/v2\/pages\/237\/revisions\/238"}],"wp:attachment":[{"href":"https:\/\/sepec.ufca.edu.br\/index.php?rest_route=%2Fwp%2Fv2%2Fmedia&parent=237"}],"curies":[{"name":"wp","href":"https:\/\/api.w.org\/{rel}","templated":true}]}}