{"id":2,"date":"2024-07-15T15:07:34","date_gmt":"2024-07-15T18:07:34","guid":{"rendered":"https:\/\/sites.ufca.edu.br\/sepec\/?page_id=2"},"modified":"2025-11-12T11:24:57","modified_gmt":"2025-11-12T14:24:57","slug":"pagina-exemplo","status":"publish","type":"page","link":"https:\/\/sepec.ufca.edu.br\/","title":{"rendered":"2\u00aa SEPEC Vem a\u00ed"},"content":{"rendered":"\n<p>A 2\u00aa Semana de Ensino, Pesquisa, Extens\u00e3o e Cultura (SEPEC) \u00e9 um evento promovido pela Universidade Federal do Cariri (UFCA) com o objetivo de divulgar e fomentar a produ\u00e7\u00e3o do conhecimento pedag\u00f3gico, cient\u00edfico, tecnol\u00f3gico, sociocultural e art\u00edstico, no princ\u00edpio da indissociabilidade entre o Ensino, a Pesquisa, a Extens\u00e3o e a Cultura.<\/p>\n\n\n\n<p>A 2\u00aa SEPEC\/UFCA ser\u00e1 realizada entre os dias 1 e 5 de dezembro de 2025, em formato h\u00edbrido, com o tema &#8220;Do sert\u00e3o ao oceano: a cultura das \u00e1guas do Cariri cearense como resist\u00eancia clim\u00e1tica&#8221;, em alinhamento com o tema da 22\u00aa Semana Nacional da Ci\u00eancia e Tecnologia, \u201cPlaneta \u00c1gua: a cultura oce\u00e2nica para enfrentar as mudan\u00e7as clim\u00e1ticas no meu territ\u00f3rio\u201d.<\/p>\n\n\n\n<div style=\"height:30px\" aria-hidden=\"true\" class=\"wp-block-spacer\"><\/div>\n\n\n\n<h3 class=\"has-text-align-center has-white-color has-text-color has-background\" style=\"background-color:#64c3d5\"><strong><span class=\"has-inline-color has-white-color\">INSCRI\u00c7\u00d5ES ABERTAS<\/span><\/strong><\/h3>\n\n\n\n<p>As inscri\u00e7\u00f5es est\u00e3o abertas \u00e0s comunidades interna e externa at\u00e9 dia 01\/12. Para se inscrever basta clicar no menu acima, na aba Inscri\u00e7\u00f5es.<\/p>\n\n\n\n<div style=\"height:20px\" aria-hidden=\"true\" class=\"wp-block-spacer\"><\/div>\n\n\n\n<h3 class=\"has-text-align-center has-white-color has-text-color has-background\" style=\"background-color:#93bf49\"><strong><span class=\"has-inline-color has-white-color\">PROGRAMA\u00c7\u00c3O<\/span><\/strong><\/h3>\n\n\n\n<p>As atividades da 2\u00aa SEPEC podem ser visualizadas no menu Programa\u00e7\u00e3o.<\/p>\n\n\n\n<div style=\"height:20px\" aria-hidden=\"true\" class=\"wp-block-spacer\"><\/div>\n\n\n\n<p>As regras para submiss\u00e3o est\u00e3o dispon\u00edveis no <a rel=\"noreferrer noopener\" href=\"https:\/\/sepec.ufca.edu.br\/wp-content\/uploads\/sites\/193\/2025\/09\/Edital-01-2025-GR-UFCA-2a-SEPEC-17.09.2025.pdf\" target=\"_blank\">Edital n\u00ba 01\/2025\/GR\/UFCA<\/a>. Em 1\u00ba de outubro de 2025, foi publicado o <a href=\"https:\/\/sepec.ufca.edu.br\/wp-content\/uploads\/sites\/193\/2025\/10\/Aditivo-_2a-SEPEC-Aditivo-I-Dimensao-Pesquisa.pdf\">Aditivo I, referente \u00e0 dimens\u00e3o Pesquisa<\/a>. Para mais detalhes, acompanhe a p\u00e1gina <a href=\"https:\/\/sepec.ufca.edu.br\/?page_id=8\">Submiss\u00f5es<\/a>. <\/p>\n\n\n\n<p>Navegue nos menus acima ou no canto superior direito para saber mais sobre inscri\u00e7\u00f5es, submiss\u00f5es, premia\u00e7\u00e3o, programa\u00e7\u00e3o, certificados e d\u00favidas (as informa\u00e7\u00f5es das p\u00e1ginas est\u00e3o sendo atualizadas frequentemente). <\/p>\n","protected":false},"excerpt":{"rendered":"<p>A 2\u00aa Semana de Ensino, Pesquisa, Extens\u00e3o e Cultura (SEPEC) \u00e9 um evento promovido pela Universidade Federal do Cariri (UFCA) com o objetivo de divulgar e fomentar a produ\u00e7\u00e3o do conhecimento pedag\u00f3gico, cient\u00edfico, tecnol\u00f3gico, sociocultural e art\u00edstico, no princ\u00edpio da indissociabilidade entre o Ensino, a Pesquisa, a Extens\u00e3o e a Cultura. A 2\u00aa SEPEC\/UFCA ser\u00e1 [&hellip;]<\/p>\n","protected":false},"author":230,"featured_media":0,"parent":0,"menu_order":0,"comment_status":"closed","ping_status":"open","template":"","meta":[],"_links":{"self":[{"href":"https:\/\/sepec.ufca.edu.br\/index.php?rest_route=\/wp\/v2\/pages\/2"}],"collection":[{"href":"https:\/\/sepec.ufca.edu.br\/index.php?rest_route=\/wp\/v2\/pages"}],"about":[{"href":"https:\/\/sepec.ufca.edu.br\/index.php?rest_route=\/wp\/v2\/types\/page"}],"author":[{"embeddable":true,"href":"https:\/\/sepec.ufca.edu.br\/index.php?rest_route=\/wp\/v2\/users\/230"}],"replies":[{"embeddable":true,"href":"https:\/\/sepec.ufca.edu.br\/index.php?rest_route=%2Fwp%2Fv2%2Fcomments&post=2"}],"version-history":[{"count":83,"href":"https:\/\/sepec.ufca.edu.br\/index.php?rest_route=\/wp\/v2\/pages\/2\/revisions"}],"predecessor-version":[{"id":740,"href":"https:\/\/sepec.ufca.edu.br\/index.php?rest_route=\/wp\/v2\/pages\/2\/revisions\/740"}],"wp:attachment":[{"href":"https:\/\/sepec.ufca.edu.br\/index.php?rest_route=%2Fwp%2Fv2%2Fmedia&parent=2"}],"curies":[{"name":"wp","href":"https:\/\/api.w.org\/{rel}","templated":true}]}}