{"id":113,"date":"2024-08-26T18:20:05","date_gmt":"2024-08-26T21:20:05","guid":{"rendered":"https:\/\/sites.ufca.edu.br\/sepec\/?page_id=113"},"modified":"2025-12-09T14:16:08","modified_gmt":"2025-12-09T17:16:08","slug":"premiacoes","status":"publish","type":"page","link":"https:\/\/sepec.ufca.edu.br\/?page_id=113","title":{"rendered":"Premia\u00e7\u00f5es"},"content":{"rendered":"\n<p class=\"has-large-font-size\"><strong>Resultados<\/strong><\/p>\n\n\n\n<ul><li><a href=\"https:\/\/sepec.ufca.edu.br\/wp-content\/uploads\/sites\/193\/2025\/12\/Relacao-dos-Premiados-Dimensao-Ensino.docx.pdf\">Ensino<\/a><\/li><li><a href=\"https:\/\/sepec.ufca.edu.br\/wp-content\/uploads\/sites\/193\/2025\/12\/Resultado-Premiados-\u2013-Dimensao-Pesquisa-1.pdf\">Pesquisa<\/a><\/li><li><a href=\"https:\/\/sepec.ufca.edu.br\/wp-content\/uploads\/sites\/193\/2025\/12\/Resultado-final-Melhores-trabalhos-DimensaoEXtensao_2SEPEC1-1-1.pdf\">Extens\u00e3o<\/a><\/li><li><a href=\"https:\/\/sepec.ufca.edu.br\/wp-content\/uploads\/sites\/193\/2025\/12\/Resultado_final_-_Melhores_trabalhos_-_Dimensao_Cultura_assinado.pdf\">Cultura<\/a><\/li><\/ul>\n\n\n\n<p>A 2\u00aa SEPEC emitir\u00e1 certificados de premia\u00e7\u00e3o aos melhores trabalhos apresentados, que ser\u00e3o ranqueados conforme os regramentos de cada dimens\u00e3o. Por\u00e9m, nesta edi\u00e7\u00e3o n\u00e3o haver\u00e1 premia\u00e7\u00e3o em dinheiro ou na forma de brindes.<\/p>\n\n\n\n<p>As premia\u00e7\u00f5es ocorrer\u00e3o no dia 5 de dezembro de 2025. O local e hor\u00e1rio ser\u00e3o divulgados posteriormente.<\/p>\n\n\n\n<h2><strong>Ensino<\/strong><\/h2>\n\n\n\n<p>Ser\u00e3o premiados os trabalhos com tr\u00eas melhores classifica\u00e7\u00f5es de cada programa acad\u00eamico de ensino vinculado \u00e0 Pr\u00f3-Reitoria de Gradua\u00e7\u00e3o (PROGRAD) ser\u00e3o premiadas com certificados.<\/p>\n\n\n\n<h2><strong>Pesquisa<\/strong><\/h2>\n\n\n\n<p>Ser\u00e3o premiados os(as) autores dos trabalhos que ficarem classificados em 1\u00ba, 2\u00ba e 3\u00ba lugares, em cada \u00e1rea: Ci\u00eancias Exatas, da Terra e Engenharias; Ci\u00eancias da Vida; Ci\u00eancias Humanas e Sociais, Letras e Artes, baseando-se na nota atribu\u00edda de acordo com a m\u00e9dia aritm\u00e9tica das notas obtidas nas avalia\u00e7\u00f5es do trabalho escrito e da apresenta\u00e7\u00e3o oral ou sinalizada em Libras.<\/p>\n\n\n\n<h2><strong>Extens\u00e3o<\/strong><\/h2>\n\n\n\n<p>Os tr\u00eas melhores trabalhos de cada uma das \u00e1reas tem\u00e1ticas da extens\u00e3o (Comunica\u00e7\u00e3o; Cultura; Direitos Humanos e Justi\u00e7a; Educa\u00e7\u00e3o; Meio Ambiente; Sa\u00fade; Tecnologia e Produ\u00e7\u00e3o; Trabalho) receber\u00e3o certificados de premia\u00e7\u00e3o, conforme o item 7 desta chamada.<\/p>\n\n\n\n<h2><strong>Cultura<\/strong><\/h2>\n\n\n\n<p>Os tr\u00eas melhores trabalhos de cada modalidade receber\u00e3o certificados de<br>premia\u00e7\u00e3o, conforme o item 7 do <a rel=\"noreferrer noopener\" href=\"https:\/\/sepec.ufca.edu.br\/wp-content\/uploads\/sites\/193\/2025\/09\/Edital-01-2025-GR-UFCA-2a-SEPEC-17.09.2025.pdf\" target=\"_blank\">Edital<\/a>. Para saber mais sobre os crit\u00e9rios de avalia\u00e7\u00e3o, consulte o item 5.5.<\/p>\n\n\n\n<p><\/p>\n\n\n\n<p>Para saber mais sobre os crit\u00e9rios avalia\u00e7\u00e3o de cada dimens\u00e3o, consulte o <a href=\"https:\/\/sepec.ufca.edu.br\/wp-content\/uploads\/sites\/193\/2025\/09\/Edital-01-2025-GR-UFCA-2a-SEPEC-17.09.2025.pdf\" target=\"_blank\" rel=\"noreferrer noopener\">Edital n\u00ba 01\/2025\/GR\/UFCA<\/a>.<\/p>\n","protected":false},"excerpt":{"rendered":"<p>Resultados Ensino Pesquisa Extens\u00e3o Cultura A 2\u00aa SEPEC emitir\u00e1 certificados de premia\u00e7\u00e3o aos melhores trabalhos apresentados, que ser\u00e3o ranqueados conforme os regramentos de cada dimens\u00e3o. Por\u00e9m, nesta edi\u00e7\u00e3o n\u00e3o haver\u00e1 premia\u00e7\u00e3o em dinheiro ou na forma de brindes. As premia\u00e7\u00f5es ocorrer\u00e3o no dia 5 de dezembro de 2025. O local e hor\u00e1rio ser\u00e3o divulgados posteriormente. [&hellip;]<\/p>\n","protected":false},"author":230,"featured_media":0,"parent":0,"menu_order":0,"comment_status":"closed","ping_status":"closed","template":"","meta":[],"_links":{"self":[{"href":"https:\/\/sepec.ufca.edu.br\/index.php?rest_route=\/wp\/v2\/pages\/113"}],"collection":[{"href":"https:\/\/sepec.ufca.edu.br\/index.php?rest_route=\/wp\/v2\/pages"}],"about":[{"href":"https:\/\/sepec.ufca.edu.br\/index.php?rest_route=\/wp\/v2\/types\/page"}],"author":[{"embeddable":true,"href":"https:\/\/sepec.ufca.edu.br\/index.php?rest_route=\/wp\/v2\/users\/230"}],"replies":[{"embeddable":true,"href":"https:\/\/sepec.ufca.edu.br\/index.php?rest_route=%2Fwp%2Fv2%2Fcomments&post=113"}],"version-history":[{"count":11,"href":"https:\/\/sepec.ufca.edu.br\/index.php?rest_route=\/wp\/v2\/pages\/113\/revisions"}],"predecessor-version":[{"id":810,"href":"https:\/\/sepec.ufca.edu.br\/index.php?rest_route=\/wp\/v2\/pages\/113\/revisions\/810"}],"wp:attachment":[{"href":"https:\/\/sepec.ufca.edu.br\/index.php?rest_route=%2Fwp%2Fv2%2Fmedia&parent=113"}],"curies":[{"name":"wp","href":"https:\/\/api.w.org\/{rel}","templated":true}]}}