{"id":10,"date":"2024-07-15T15:37:45","date_gmt":"2024-07-15T18:37:45","guid":{"rendered":"https:\/\/sites.ufca.edu.br\/sepec\/?page_id=10"},"modified":"2025-08-13T09:54:33","modified_gmt":"2025-08-13T12:54:33","slug":"festival-de-culturas","status":"publish","type":"page","link":"https:\/\/sepec.ufca.edu.br\/?page_id=10","title":{"rendered":"Inscri\u00e7\u00f5es"},"content":{"rendered":"\n<p>As inscri\u00e7\u00f5es ser\u00e3o liberadas em breve!<\/p>\n\n\n\n<p>Fiquem de olho nos nossos canais de comunica\u00e7\u00e3o!<\/p>\n","protected":false},"excerpt":{"rendered":"<p>As inscri\u00e7\u00f5es ser\u00e3o liberadas em breve! Fiquem de olho nos nossos canais de comunica\u00e7\u00e3o!<\/p>\n","protected":false},"author":235,"featured_media":0,"parent":0,"menu_order":0,"comment_status":"closed","ping_status":"closed","template":"","meta":[],"_links":{"self":[{"href":"https:\/\/sepec.ufca.edu.br\/index.php?rest_route=\/wp\/v2\/pages\/10"}],"collection":[{"href":"https:\/\/sepec.ufca.edu.br\/index.php?rest_route=\/wp\/v2\/pages"}],"about":[{"href":"https:\/\/sepec.ufca.edu.br\/index.php?rest_route=\/wp\/v2\/types\/page"}],"author":[{"embeddable":true,"href":"https:\/\/sepec.ufca.edu.br\/index.php?rest_route=\/wp\/v2\/users\/235"}],"replies":[{"embeddable":true,"href":"https:\/\/sepec.ufca.edu.br\/index.php?rest_route=%2Fwp%2Fv2%2Fcomments&post=10"}],"version-history":[{"count":9,"href":"https:\/\/sepec.ufca.edu.br\/index.php?rest_route=\/wp\/v2\/pages\/10\/revisions"}],"predecessor-version":[{"id":566,"href":"https:\/\/sepec.ufca.edu.br\/index.php?rest_route=\/wp\/v2\/pages\/10\/revisions\/566"}],"wp:attachment":[{"href":"https:\/\/sepec.ufca.edu.br\/index.php?rest_route=%2Fwp%2Fv2%2Fmedia&parent=10"}],"curies":[{"name":"wp","href":"https:\/\/api.w.org\/{rel}","templated":true}]}}